{"id":9384,"date":"2021-01-18T14:54:53","date_gmt":"2021-01-18T07:54:53","guid":{"rendered":"https:\/\/autohaus-lynk.com\/?page_id=21"},"modified":"2025-11-15T11:29:32","modified_gmt":"2025-11-15T11:29:32","slug":"contactez-nous","status":"publish","type":"page","link":"https:\/\/autohaus-lynk.com\/index.php\/contactez-nous\/","title":{"rendered":"Contactez-Nous"},"content":{"rendered":"\t\t<div data-elementor-type=\"wp-page\" data-elementor-id=\"9384\" class=\"elementor elementor-9384\">\n\t\t\t\t\t\t<section class=\"elementor-section elementor-top-section elementor-element elementor-element-42a3316 elementor-section-boxed elementor-section-height-default elementor-section-height-default\" data-id=\"42a3316\" data-element_type=\"section\" data-e-type=\"section\">\n\t\t\t\t\t\t<div class=\"elementor-container elementor-column-gap-default\">\n\t\t\t\t\t<div class=\"elementor-column elementor-col-50 elementor-top-column elementor-element elementor-element-539e1e9\" data-id=\"539e1e9\" data-element_type=\"column\" data-e-type=\"column\">\n\t\t\t<div class=\"elementor-widget-wrap elementor-element-populated\">\n\t\t\t\t\t\t<div class=\"elementor-element elementor-element-dc53079 elementor-widget elementor-widget-text-editor\" data-id=\"dc53079\" data-element_type=\"widget\" data-e-type=\"widget\" data-widget_type=\"text-editor.default\">\n\t\t\t\t\t\t\t\t\t<h4><img decoding=\"async\" class=\"alignnone\" src=\"https:\/\/autohaus-lynk.com\/wp-content\/uploads\/2022\/07\/phone.png\" alt=\"\" \/>Appelez-Nous:<\/h4>\t\t\t\t\t\t\t\t<\/div>\n\t\t\t\t<div class=\"elementor-element elementor-element-3184124 elementor-widget elementor-widget-text-editor\" data-id=\"3184124\" data-element_type=\"widget\" data-e-type=\"widget\" data-widget_type=\"text-editor.default\">\n\t\t\t\t\t\t\t\t\t<p>Nous sommes disponibles 24\/7, 7 jours\/7.<\/p>\t\t\t\t\t\t\t\t<\/div>\n\t\t\t\t<div class=\"elementor-element elementor-element-8b17d31 elementor-widget elementor-widget-text-editor\" data-id=\"8b17d31\" data-element_type=\"widget\" data-e-type=\"widget\" data-widget_type=\"text-editor.default\">\n\t\t\t\t\t\t\t\t\t<p>+33 07 49 96 99 10<\/p>\t\t\t\t\t\t\t\t<\/div>\n\t\t\t\t<div class=\"elementor-element elementor-element-c49aa0f elementor-widget elementor-widget-text-editor\" data-id=\"c49aa0f\" data-element_type=\"widget\" data-e-type=\"widget\" data-widget_type=\"text-editor.default\">\n\t\t\t\t\t\t\t\t\t<h4><img decoding=\"async\" class=\"alignnone\" src=\"https:\/\/autohaus-lynk.com\/wp-content\/uploads\/2022\/07\/mail.png\" alt=\"\" \/>Ecrivez-Nous:<\/h4>\t\t\t\t\t\t\t\t<\/div>\n\t\t\t\t<div class=\"elementor-element elementor-element-d56059e elementor-widget elementor-widget-text-editor\" data-id=\"d56059e\" data-element_type=\"widget\" data-e-type=\"widget\" data-widget_type=\"text-editor.default\">\n\t\t\t\t\t\t\t\t\t<p>Remplissez notre formulaire et nous vous contacterons dans les 24 heures.<\/p>\t\t\t\t\t\t\t\t<\/div>\n\t\t\t\t<div class=\"elementor-element elementor-element-2a1bb8f elementor-widget elementor-widget-text-editor\" data-id=\"2a1bb8f\" data-element_type=\"widget\" data-e-type=\"widget\" data-widget_type=\"text-editor.default\">\n\t\t\t\t\t\t\t\t\t<p>Email: contact@autohaus-lynk.com<\/p>\t\t\t\t\t\t\t\t<\/div>\n\t\t\t\t<div class=\"elementor-element elementor-element-b4df1ff elementor-widget elementor-widget-text-editor\" data-id=\"b4df1ff\" data-element_type=\"widget\" data-e-type=\"widget\" data-widget_type=\"text-editor.default\">\n\t\t\t\t\t\t\t\t\t<h4><img decoding=\"async\" class=\"alignnone\" src=\"https:\/\/autohaus-lynk.com\/wp-content\/uploads\/2022\/07\/location.png\" alt=\"\" \/>Si\u00e8ge social:<\/h4>\t\t\t\t\t\t\t\t<\/div>\n\t\t\t\t<div class=\"elementor-element elementor-element-6d8fd5e elementor-widget elementor-widget-text-editor\" data-id=\"6d8fd5e\" data-element_type=\"widget\" data-e-type=\"widget\" data-widget_type=\"text-editor.default\">\n\t\t\t\t\t\t\t\t\t<p>Lundi &#8211; Dimanche 9:00-18:00<\/p>\t\t\t\t\t\t\t\t<\/div>\n\t\t\t\t<div class=\"elementor-element elementor-element-3d898b5 elementor-widget elementor-widget-text-editor\" data-id=\"3d898b5\" data-element_type=\"widget\" data-e-type=\"widget\" data-widget_type=\"text-editor.default\">\n\t\t\t\t\t\t\t\t\t<p>1400 Rue de la Castelle 34070 Montpellier, FRANCE<\/p>\t\t\t\t\t\t\t\t<\/div>\n\t\t\t\t\t<\/div>\n\t\t<\/div>\n\t\t\t\t<div class=\"elementor-column elementor-col-50 elementor-top-column elementor-element elementor-element-8e24c8e\" data-id=\"8e24c8e\" data-element_type=\"column\" data-e-type=\"column\">\n\t\t\t<div class=\"elementor-widget-wrap elementor-element-populated\">\n\t\t\t\t\t\t<div class=\"elementor-element elementor-element-399eed3 elementor-widget elementor-widget-shortcode\" data-id=\"399eed3\" data-element_type=\"widget\" data-e-type=\"widget\" data-widget_type=\"shortcode.default\">\n\t\t\t\t\t\t\t<div class=\"elementor-shortcode\">\n<div class=\"wpcf7 no-js\" id=\"wpcf7-f1950-o1\" lang=\"fr-FR\" dir=\"ltr\" data-wpcf7-id=\"1950\">\n<div class=\"screen-reader-response\"><p role=\"status\" aria-live=\"polite\" aria-atomic=\"true\"><\/p> <ul><\/ul><\/div>\n<form action=\"\/index.php\/wp-json\/wp\/v2\/pages\/9384#wpcf7-f1950-o1\" method=\"post\" class=\"wpcf7-form init\" aria-label=\"Formulaire de contact\" novalidate=\"novalidate\" data-status=\"init\">\n<fieldset class=\"hidden-fields-container\"><input type=\"hidden\" name=\"_wpcf7\" value=\"1950\" \/><input type=\"hidden\" name=\"_wpcf7_version\" value=\"6.1.4\" \/><input type=\"hidden\" name=\"_wpcf7_locale\" value=\"fr_FR\" \/><input type=\"hidden\" name=\"_wpcf7_unit_tag\" value=\"wpcf7-f1950-o1\" \/><input type=\"hidden\" name=\"_wpcf7_container_post\" value=\"0\" \/><input type=\"hidden\" name=\"_wpcf7_posted_data_hash\" value=\"\" \/>\n<\/fieldset>\n<p><label> Your name<br \/>\n<span class=\"wpcf7-form-control-wrap\" data-name=\"your-name\"><input size=\"40\" maxlength=\"400\" class=\"wpcf7-form-control wpcf7-text wpcf7-validates-as-required\" autocomplete=\"name\" aria-required=\"true\" aria-invalid=\"false\" value=\"\" type=\"text\" name=\"your-name\" \/><\/span> <\/label>\n<\/p>\n<p><label> Your email<br \/>\n<span class=\"wpcf7-form-control-wrap\" data-name=\"your-email\"><input size=\"40\" maxlength=\"400\" class=\"wpcf7-form-control wpcf7-email wpcf7-validates-as-required wpcf7-text wpcf7-validates-as-email\" autocomplete=\"email\" aria-required=\"true\" aria-invalid=\"false\" value=\"\" type=\"email\" name=\"your-email\" \/><\/span> <\/label>\n<\/p>\n<p><label> Subject<br \/>\n<span class=\"wpcf7-form-control-wrap\" data-name=\"your-subject\"><input size=\"40\" maxlength=\"400\" class=\"wpcf7-form-control wpcf7-text wpcf7-validates-as-required\" aria-required=\"true\" aria-invalid=\"false\" value=\"\" type=\"text\" name=\"your-subject\" \/><\/span> <\/label>\n<\/p>\n<p><label> Your message (optional)<br \/>\n<span class=\"wpcf7-form-control-wrap\" data-name=\"your-message\"><textarea cols=\"40\" rows=\"10\" maxlength=\"2000\" class=\"wpcf7-form-control wpcf7-textarea\" aria-invalid=\"false\" name=\"your-message\"><\/textarea><\/span> <\/label>\n<\/p>\n<p><input class=\"wpcf7-form-control wpcf7-submit has-spinner\" type=\"submit\" value=\"Submit\" \/>\n<\/p><div class=\"wpcf7-response-output\" aria-hidden=\"true\"><\/div>\n<\/form>\n<\/div>\n<\/div>\n\t\t\t\t\t\t<\/div>\n\t\t\t\t\t<\/div>\n\t\t<\/div>\n\t\t\t\t\t<\/div>\n\t\t<\/section>\n\t\t<div class=\"elementor-element elementor-element-2c729f8 e-flex e-con-boxed e-con e-parent\" data-id=\"2c729f8\" data-element_type=\"container\" data-e-type=\"container\">\n\t\t\t\t\t<div class=\"e-con-inner\">\n\t\t\t\t<div class=\"elementor-element elementor-element-a81c8cf elementor-widget elementor-widget-html\" data-id=\"a81c8cf\" data-element_type=\"widget\" data-e-type=\"widget\" data-widget_type=\"html.default\">\n\t\t\t\t\t<style>\r\n\/* --------------------\r\n   VARIABLES DE COULEURS\r\n--------------------- *\/\r\n:root {\r\n  --primary: #ffb91f;\r\n  --dark: #000000;\r\n}\r\n\r\n\/* --------------------\r\n   STYLE GLOBAL\r\n--------------------- *\/\r\n.section-title {\r\n  color: var(--dark);\r\n  font-weight: 700;\r\n  font-size: 32px;\r\n  text-transform: uppercase;\r\n  border-left: 6px solid var(--primary);\r\n  padding-left: 15px;\r\n  margin-bottom: 25px;\r\n}\r\n\r\n.contact-wrap p,\r\n.contact-info-box p,\r\n.contact-info-box ul li {\r\n  color: #333;\r\n  font-size: 16px;\r\n  line-height: 1.6;\r\n}\r\n\r\n.contact-divider {\r\n  width: 100%;\r\n  height: 2px;\r\n  background: var(--primary);\r\n  margin: 25px 0;\r\n  opacity: 0.25;\r\n}\r\n\r\n\/* --------------------\r\n   BOX CONTACTS\r\n--------------------- *\/\r\n.contact-info-box {\r\n  background: #fff;\r\n  border: 1px solid #eee;\r\n  border-radius: 8px;\r\n  padding: 20px;\r\n  height: 100%;\r\n  transition: all .3s ease;\r\n  box-shadow: 0 10px 20px rgba(0,0,0,0.05);\r\n}\r\n\r\n.contact-info-box:hover {\r\n  box-shadow: 0 10px 25px rgba(0,0,0,0.12);\r\n  transform: translateY(-4px);\r\n}\r\n\r\n.contact-info-box h3 {\r\n  font-size: 20px;\r\n  font-weight: 600;\r\n  color: var(--dark);\r\n  margin-bottom: 15px;\r\n  display: flex;\r\n  align-items: center;\r\n  gap: 8px;\r\n}\r\n\r\n.contact-icon {\r\n  color: var(--primary);\r\n  font-size: 22px;\r\n}\r\n\r\n\/* WhatsApp link *\/\r\n.whatsapp-link {\r\n  color: #25D366 !important;\r\n  font-weight: 600;\r\n}\r\n\r\n\/* --------------------\r\n   ANIMATIONS\r\n--------------------- *\/\r\n.fade-in {\r\n  opacity: 0;\r\n  animation: fadeIn 1.2s ease forwards;\r\n}\r\n.slide-up {\r\n  opacity: 0;\r\n  transform: translateY(20px);\r\n  animation: slideUp 1s ease forwards;\r\n}\r\n\r\n@keyframes fadeIn {\r\n  from { opacity: 0; }\r\n  to { opacity: 1; }\r\n}\r\n\r\n@keyframes slideUp {\r\n  from { opacity: 0; transform: translateY(20px); }\r\n  to { opacity: 1; transform: translateY(0); }\r\n}\r\n<\/style>\r\n\r\n\r\n\r\n<section class=\"ftco-section bg-light contact-section fade-in\">\r\n  <div class=\"container-xl slide-up\">\r\n    <div class=\"row no-gutters justify-content-center\">\r\n      <div class=\"col-lg-10\">\r\n        <div class=\"wrapper\">\r\n          <div class=\"row g-0\">\r\n            <div class=\"col-lg-12\">\r\n              <div class=\"contact-wrap w-100 p-md-5 p-4\">\r\n\r\n                <h2 class=\"section-title\">Service client et renseignements<\/h2>\r\n                <p class=\"mb-4\">Notre \u00e9quipe est \u00e0 votre disposition pour r\u00e9pondre \u00e0 toutes vos questions, vous conseiller et vous accompagner dans l'acquisition de votre v\u00e9hicule. Que vous soyez en France, en Allemagne ou ailleurs en Europe, nous nous engageons \u00e0 vous r\u00e9pondre avec pr\u00e9cision et rapidit\u00e9.<\/p>\r\n\r\n                <div class=\"contact-divider\"><\/div>\r\n\r\n                <!-- Lieux -->\r\n                <div class=\"row mb-4\">\r\n                  <div class=\"col-md-4\">\r\n                    <div class=\"contact-info-box slide-up\">\r\n                      <h3><span class=\"fa fa-building-o contact-icon\"><\/span>Entrep\u00f4t principal<\/h3>\r\n                      <p>\r\n                        <a href=\"#\" target=\"_blank\">\r\n                          Glash\u00fcttenstra\u00dfe 59<br>\r\n                          40627 D\u00fcsseldorf \u2013 Allemagne\r\n                        <\/a>\r\n                      <\/p>\r\n                    <\/div>\r\n                  <\/div>\r\n\r\n                  <div class=\"col-md-4\">\r\n                    <div class=\"contact-info-box slide-up\">\r\n                      <h3><span class=\"fa fa-desktop contact-icon\"><\/span>Bureau administratif<\/h3>\r\n                      <p>\r\n                        <a href=\"#\" target=\"_blank\">\r\n                          1400 Rue de la Castelle<br>\r\n                          34070 Montpellier \u2013 France\r\n                        <\/a>\r\n                      <\/p>\r\n                    <\/div>\r\n                  <\/div>\r\n\r\n                  <div class=\"col-md-4\">\r\n                    <div class=\"contact-info-box slide-up\">\r\n                      <h3><span class=\"fa fa-wrench contact-icon\"><\/span>Centre de pr\u00e9paration<\/h3>\r\n                      <p>\r\n                        <a href=\"#\">\r\n                          10 Boulevard Robert Maurice<br>\r\n                          42100 Saint-\u00c9tienne \u2013 France\r\n                        <\/a>\r\n                      <\/p>\r\n                    <\/div>\r\n                  <\/div>\r\n                <\/div>\r\n\r\n                <div class=\"contact-divider\"><\/div>\r\n\r\n                <!-- T\u00e9l\u00e9phones & Email -->\r\n                <div class=\"row mb-4\">\r\n                  <div class=\"col-md-6\">\r\n                    <div class=\"contact-info-box slide-up\">\r\n                      <h3><span class=\"fa fa-phone contact-icon\"><\/span>Coordonn\u00e9es t\u00e9l\u00e9phoniques<\/h3>\r\n                      <ul>\r\n                        <li><strong>WhatsApp (International):<\/strong> <a href=\"#\" class=\"whatsapp-link\">+49 157 7618 8777<\/a><\/li>\r\n                        <li><strong>T\u00e9l\u00e9phone France:<\/strong> +33 07 49 96 99 10<\/li>\r\n                      <\/ul>\r\n                    <\/div>\r\n                  <\/div>\r\n\r\n                  <div class=\"col-md-6\">\r\n                    <div class=\"contact-info-box slide-up\">\r\n                      <h3><span class=\"fa fa-envelope-o contact-icon\"><\/span>Email<\/h3>\r\n                      <p><a href=\"mailto:contact@autohaus-lynk.com\">contact@autohaus-lynk.com<\/a><\/p>\r\n                    <\/div>\r\n                  <\/div>\r\n                <\/div>\r\n\r\n                <div class=\"contact-divider\"><\/div>\r\n\r\n                <!-- Horaires -->\r\n                <div class=\"contact-info-box slide-up\">\r\n                  <h3><span class=\"fa fa-clock-o contact-icon\"><\/span>Horaires d'ouverture<\/h3>\r\n                  <ul>\r\n                    <li><strong>Lundi - Vendredi:<\/strong> 9h00 - 19h00<\/li>\r\n                    <li><strong>Samedi:<\/strong> 10h00 - 17h00<\/li>\r\n                    <li><strong>Dimanche:<\/strong> Sur rendez-vous exclusivement<\/li>\r\n                  <\/ul>\r\n                <\/div>\r\n\r\n              <\/div> <!-- end wrap -->\r\n            <\/div>\r\n          <\/div>\r\n        <\/div>\r\n      <\/div>\r\n    <\/div>\r\n  <\/div>\r\n<\/section>\r\n\t\t\t\t<\/div>\n\t\t\t\t\t<\/div>\n\t\t\t\t<\/div>\n\t\t\t\t<section class=\"elementor-section elementor-top-section elementor-element elementor-element-217b3ec elementor-section-boxed elementor-section-height-default elementor-section-height-default\" data-id=\"217b3ec\" data-element_type=\"section\" data-e-type=\"section\">\n\t\t\t\t\t\t<div class=\"elementor-container elementor-column-gap-default\">\n\t\t\t\t\t<div class=\"elementor-column elementor-col-100 elementor-top-column elementor-element elementor-element-6533482\" data-id=\"6533482\" data-element_type=\"column\" data-e-type=\"column\">\n\t\t\t<div class=\"elementor-widget-wrap elementor-element-populated\">\n\t\t\t\t\t\t<div class=\"elementor-element elementor-element-82272d6 elementor-widget elementor-widget-heading\" data-id=\"82272d6\" data-element_type=\"widget\" data-e-type=\"widget\" data-widget_type=\"heading.default\">\n\t\t\t\t\t<h2 class=\"elementor-heading-title elementor-size-default\">Service client et renseignements<\/h2>\t\t\t\t<\/div>\n\t\t\t\t<section class=\"elementor-section elementor-inner-section elementor-element elementor-element-022279c elementor-section-boxed elementor-section-height-default elementor-section-height-default\" data-id=\"022279c\" data-element_type=\"section\" data-e-type=\"section\">\n\t\t\t\t\t\t<div class=\"elementor-container elementor-column-gap-default\">\n\t\t\t\t\t<div class=\"elementor-column elementor-col-33 elementor-inner-column elementor-element elementor-element-dbbc20b\" data-id=\"dbbc20b\" data-element_type=\"column\" data-e-type=\"column\">\n\t\t\t<div class=\"elementor-widget-wrap elementor-element-populated\">\n\t\t\t\t\t\t<div class=\"elementor-element elementor-element-11b44b9 elementor-widget elementor-widget-heading\" data-id=\"11b44b9\" data-element_type=\"widget\" data-e-type=\"widget\" data-widget_type=\"heading.default\">\n\t\t\t\t\t<h6 class=\"elementor-heading-title elementor-size-default\">Entrep\u00f4t principal<\/h6>\t\t\t\t<\/div>\n\t\t\t\t<div class=\"elementor-element elementor-element-8c0a048 elementor-widget elementor-widget-text-editor\" data-id=\"8c0a048\" data-element_type=\"widget\" data-e-type=\"widget\" data-widget_type=\"text-editor.default\">\n\t\t\t\t\t\t\t\t\t<p>Glash\u00fcttenstra\u00dfe 59 40627 D\u00fcsseldorf \u2013 Allemagne<br \/>(+403) 374 748 3839<\/p>\t\t\t\t\t\t\t\t<\/div>\n\t\t\t\t<div class=\"elementor-element elementor-element-70ff8dd elementor-widget elementor-widget-text-editor\" data-id=\"70ff8dd\" data-element_type=\"widget\" data-e-type=\"widget\" data-widget_type=\"text-editor.default\">\n\t\t\t\t\t\t\t\t\t<p>Monday &#8211; Friday: 9:00 &#8211; 21:00<br \/>Saturaday: 11:00 &#8211; 21:00<\/p>\t\t\t\t\t\t\t\t<\/div>\n\t\t\t\t\t<\/div>\n\t\t<\/div>\n\t\t\t\t<div class=\"elementor-column elementor-col-33 elementor-inner-column elementor-element elementor-element-f9de0c0\" data-id=\"f9de0c0\" data-element_type=\"column\" data-e-type=\"column\">\n\t\t\t<div class=\"elementor-widget-wrap elementor-element-populated\">\n\t\t\t\t\t\t<div class=\"elementor-element elementor-element-befcac6 elementor-widget elementor-widget-heading\" data-id=\"befcac6\" data-element_type=\"widget\" data-e-type=\"widget\" data-widget_type=\"heading.default\">\n\t\t\t\t\t<h6 class=\"elementor-heading-title elementor-size-default\">Address 2<\/h6>\t\t\t\t<\/div>\n\t\t\t\t<div class=\"elementor-element elementor-element-1bdb72b elementor-widget elementor-widget-text-editor\" data-id=\"1bdb72b\" data-element_type=\"widget\" data-e-type=\"widget\" data-widget_type=\"text-editor.default\">\n\t\t\t\t\t\t\t\t\t<p>345 Brick, Spitalfields, London, UK <br \/>(+403) 374 748 3839<\/p>\t\t\t\t\t\t\t\t<\/div>\n\t\t\t\t<div class=\"elementor-element elementor-element-f9b06ab elementor-widget elementor-widget-text-editor\" data-id=\"f9b06ab\" data-element_type=\"widget\" data-e-type=\"widget\" data-widget_type=\"text-editor.default\">\n\t\t\t\t\t\t\t\t\t<p>Monday &#8211; Friday: 9:00 &#8211; 21:00<br \/>Saturaday: 11:00 &#8211; 21:00<\/p>\t\t\t\t\t\t\t\t<\/div>\n\t\t\t\t\t<\/div>\n\t\t<\/div>\n\t\t\t\t<div class=\"elementor-column elementor-col-33 elementor-inner-column elementor-element elementor-element-60b6f10\" data-id=\"60b6f10\" data-element_type=\"column\" data-e-type=\"column\">\n\t\t\t<div class=\"elementor-widget-wrap elementor-element-populated\">\n\t\t\t\t\t\t<div class=\"elementor-element elementor-element-9a9abe0 elementor-widget elementor-widget-heading\" data-id=\"9a9abe0\" data-element_type=\"widget\" data-e-type=\"widget\" data-widget_type=\"heading.default\">\n\t\t\t\t\t<h6 class=\"elementor-heading-title elementor-size-default\">Address 3<\/h6>\t\t\t\t<\/div>\n\t\t\t\t<div class=\"elementor-element elementor-element-d3e1d85 elementor-widget elementor-widget-text-editor\" data-id=\"d3e1d85\" data-element_type=\"widget\" data-e-type=\"widget\" data-widget_type=\"text-editor.default\">\n\t\t\t\t\t\t\t\t\t<p>Knight Valley Dr, Nashville, USA <br \/>(+403) 374 748 3839<\/p>\t\t\t\t\t\t\t\t<\/div>\n\t\t\t\t<div class=\"elementor-element elementor-element-bd5acde elementor-widget elementor-widget-text-editor\" data-id=\"bd5acde\" data-element_type=\"widget\" data-e-type=\"widget\" data-widget_type=\"text-editor.default\">\n\t\t\t\t\t\t\t\t\t<p>Monday &#8211; Friday: 9:00 &#8211; 21:00<br \/>Saturaday: 11:00 &#8211; 21:00<\/p>\t\t\t\t\t\t\t\t<\/div>\n\t\t\t\t\t<\/div>\n\t\t<\/div>\n\t\t\t\t\t<\/div>\n\t\t<\/section>\n\t\t\t\t\t<\/div>\n\t\t<\/div>\n\t\t\t\t\t<\/div>\n\t\t<\/section>\n\t\t\t\t<section class=\"elementor-section elementor-top-section elementor-element elementor-element-092c798 elementor-section-boxed elementor-section-height-default elementor-section-height-default\" data-id=\"092c798\" data-element_type=\"section\" data-e-type=\"section\">\n\t\t\t\t\t\t<div class=\"elementor-container elementor-column-gap-default\">\n\t\t\t\t\t<div class=\"elementor-column elementor-col-100 elementor-top-column elementor-element elementor-element-35ece0b\" data-id=\"35ece0b\" data-element_type=\"column\" data-e-type=\"column\">\n\t\t\t<div class=\"elementor-widget-wrap elementor-element-populated\">\n\t\t\t\t\t\t<div class=\"elementor-element elementor-element-cee11e4 elementor-widget elementor-widget-google_maps\" data-id=\"cee11e4\" data-element_type=\"widget\" data-e-type=\"widget\" data-widget_type=\"google_maps.default\">\n\t\t\t\t\t\t\t<div class=\"elementor-custom-embed\">\n\t\t\t<iframe loading=\"lazy\"\n\t\t\t\t\tsrc=\"https:\/\/maps.google.com\/maps?q=1400%20Rue%20de%20la%20Castelle%2034070%20Montpellier%2C%20FRANCE&#038;t=m&#038;z=15&#038;output=embed&#038;iwloc=near\"\n\t\t\t\t\ttitle=\"1400 Rue de la Castelle 34070 Montpellier, FRANCE\"\n\t\t\t\t\taria-label=\"1400 Rue de la Castelle 34070 Montpellier, FRANCE\"\n\t\t\t><\/iframe>\n\t\t<\/div>\n\t\t\t\t\t\t<\/div>\n\t\t\t\t\t<\/div>\n\t\t<\/div>\n\t\t\t\t\t<\/div>\n\t\t<\/section>\n\t\t\t\t<\/div>\n\t\t","protected":false},"excerpt":{"rendered":"<p>Appelez-Nous: Nous sommes disponibles 24\/7, 7 jours\/7. +33 07 49 96 99 10 Ecrivez-Nous: Remplissez notre formulaire et nous vous contacterons dans les 24 heures. Email: contact@autohaus-lynk.com Si\u00e8ge social: Lundi &#8211; Dimanche 9:00-18:00 1400 Rue de la Castelle 34070 Montpellier, FRANCE Service client et renseignements Notre \u00e9quipe est \u00e0 votre disposition pour r\u00e9pondre \u00e0 toutes [&hellip;]<\/p>\n","protected":false},"author":1,"featured_media":0,"parent":0,"menu_order":0,"comment_status":"closed","ping_status":"closed","template":"","meta":{"_monsterinsights_skip_tracking":false,"_monsterinsights_sitenote_active":false,"_monsterinsights_sitenote_note":"","_monsterinsights_sitenote_category":0,"footnotes":""},"class_list":["post-9384","page","type-page","status-publish","hentry"],"aioseo_notices":[],"jetpack_sharing_enabled":true,"_links":{"self":[{"href":"https:\/\/autohaus-lynk.com\/index.php\/wp-json\/wp\/v2\/pages\/9384","targetHints":{"allow":["GET"]}}],"collection":[{"href":"https:\/\/autohaus-lynk.com\/index.php\/wp-json\/wp\/v2\/pages"}],"about":[{"href":"https:\/\/autohaus-lynk.com\/index.php\/wp-json\/wp\/v2\/types\/page"}],"author":[{"embeddable":true,"href":"https:\/\/autohaus-lynk.com\/index.php\/wp-json\/wp\/v2\/users\/1"}],"replies":[{"embeddable":true,"href":"https:\/\/autohaus-lynk.com\/index.php\/wp-json\/wp\/v2\/comments?post=9384"}],"version-history":[{"count":20,"href":"https:\/\/autohaus-lynk.com\/index.php\/wp-json\/wp\/v2\/pages\/9384\/revisions"}],"predecessor-version":[{"id":9874,"href":"https:\/\/autohaus-lynk.com\/index.php\/wp-json\/wp\/v2\/pages\/9384\/revisions\/9874"}],"wp:attachment":[{"href":"https:\/\/autohaus-lynk.com\/index.php\/wp-json\/wp\/v2\/media?parent=9384"}],"curies":[{"name":"wp","href":"https:\/\/api.w.org\/{rel}","templated":true}]}}