{"id":1699,"date":"2025-11-03T22:49:59","date_gmt":"2025-11-03T22:49:59","guid":{"rendered":"https:\/\/autohaus-lynk.com\/?post_type=product&#038;p=1699"},"modified":"2025-11-15T10:49:12","modified_gmt":"2025-11-15T10:49:12","slug":"mercedes-benz-a-220-d-amg-night-packet-edition","status":"publish","type":"product","link":"https:\/\/autohaus-lynk.com\/index.php\/produit\/mercedes-benz-a-220-d-amg-night-packet-edition\/","title":{"rendered":"Mercedes-Benz A 220 d *AMG\/NIGHT PACKET* \u00c9DITION"},"content":{"rendered":"<h4><span dir=\"auto\">\u00e9quipement<\/span><\/h4>\n<div class=\"span6\">\n<ul>\n<li><span dir=\"auto\">vitres teint\u00e9es<\/span><\/li>\n<li><span dir=\"auto\">ABS<\/span><\/li>\n<li><span dir=\"auto\">r\u00e9gulateur de vitesse adaptatif<\/span><\/li>\n<li><span dir=\"auto\">Syst\u00e8me d&#8217;avertissement de distance<\/span><\/li>\n<li><span dir=\"auto\">Feux de virage adaptatifs<\/span><\/li>\n<li><span dir=\"auto\">Syst\u00e8me d&#8217;alarme<\/span><\/li>\n<li><span dir=\"auto\">\u00c9clairage ambiant<\/span><\/li>\n<li><span dir=\"auto\">Apple CarPlay<\/span><\/li>\n<li><span dir=\"auto\">accoudoir<\/span><\/li>\n<li><span dir=\"auto\">Assistant de stationnement<\/span><\/li>\n<li><span dir=\"auto\">Pare-brise chauffant<\/span><\/li>\n<li><span dir=\"auto\">Aide au d\u00e9marrage en c\u00f4te<\/span><\/li>\n<li><span dir=\"auto\">phares de route sans \u00e9blouissement<\/span><\/li>\n<li><span dir=\"auto\">Bluetooth<\/span><\/li>\n<li><span dir=\"auto\">Ordinateur de bord<\/span><\/li>\n<li><span dir=\"auto\">lecteur CD<\/span><\/li>\n<li><span dir=\"auto\">l\u00e8ve-vitre \u00e9lectrique<\/span><\/li>\n<li><span dir=\"auto\">R\u00e9troviseurs lat\u00e9raux \u00e9lectriques<\/span><\/li>\n<\/ul>\n<\/div>\n<div class=\"span6\">\n<ul>\n<li><span dir=\"auto\">R\u00e9troviseurs lat\u00e9raux rabattables \u00e9lectriquement<\/span><\/li>\n<li><span dir=\"auto\">immobilisateur \u00e9lectrique<\/span><\/li>\n<li><span dir=\"auto\">ESP<\/span><\/li>\n<li><span dir=\"auto\">Assistance feux de route<\/span><\/li>\n<li><span dir=\"auto\">Syst\u00e8me mains libres<\/span><\/li>\n<li><span dir=\"auto\">Traction avant<\/span><\/li>\n<li><span dir=\"auto\">Limiteur de vitesse<\/span><\/li>\n<li><span dir=\"auto\">Recharge par induction pour smartphones<\/span><\/li>\n<li><span dir=\"auto\">R\u00e9troviseur int\u00e9rieur \u00e0 att\u00e9nuation automatique<\/span><\/li>\n<li><span dir=\"auto\">Isofix<\/span><\/li>\n<li><span dir=\"auto\">lumi\u00e8re laser<\/span><\/li>\n<li><span dir=\"auto\">volant en cuir<\/span><\/li>\n<li><span dir=\"auto\">Feux de jour \u00e0 LED<\/span><\/li>\n<li><span dir=\"auto\">jantes en alliage<\/span><\/li>\n<li><span dir=\"auto\">capteur de lumi\u00e8re<\/span><\/li>\n<li><span dir=\"auto\">Soutien lombaire<\/span><\/li>\n<li><span dir=\"auto\">Avertissement concernant la fatigue<\/span><\/li>\n<li><span dir=\"auto\">Changeur multi-CD<\/span><\/li>\n<\/ul>\n<\/div>\n<div class=\"span6\">\n<ul>\n<li><span dir=\"auto\">Volant multifonction<\/span><\/li>\n<li><span dir=\"auto\">streaming musical int\u00e9gr\u00e9<\/span><\/li>\n<li><span dir=\"auto\">Syst\u00e8me de navigation<\/span><\/li>\n<li><span dir=\"auto\">Pr\u00e9paration \u00e0 la navigation<\/span><\/li>\n<li><span dir=\"auto\">phares antibrouillard<\/span><\/li>\n<li><span dir=\"auto\">V\u00e9hicule non-fumeur<\/span><\/li>\n<li><span dir=\"auto\">assistance au freinage d&#8217;urgence<\/span><\/li>\n<li><span dir=\"auto\">Syst\u00e8me d&#8217;appel d&#8217;urgence<\/span><\/li>\n<li><span dir=\"auto\">Filtre \u00e0 particules<\/span><\/li>\n<li><span dir=\"auto\">Radio num\u00e9rique DAB<\/span><\/li>\n<li><span dir=\"auto\">capteur de pluie<\/span><\/li>\n<li><span dir=\"auto\">syst\u00e8me de surveillance de la pression des pneus<\/span><\/li>\n<li><span dir=\"auto\">palettes de changement de vitesse<\/span><\/li>\n<li><span dir=\"auto\">Historique d&#8217;entretien complet<\/span><\/li>\n<li><span dir=\"auto\">syst\u00e8me de nettoyage des phares<\/span><\/li>\n<li><span dir=\"auto\">verrouillage centralis\u00e9 sans cl\u00e9<\/span><\/li>\n<li><span dir=\"auto\">direction assist\u00e9e<\/span><\/li>\n<li><span dir=\"auto\">Si\u00e8ges chauffants<\/span><\/li>\n<\/ul>\n<\/div>\n<div class=\"span6\">\n<ul>\n<li><span dir=\"auto\">pneus d&#8217;\u00e9t\u00e9<\/span><\/li>\n<li><span dir=\"auto\">forfait sportif<\/span><\/li>\n<li><span dir=\"auto\">Si\u00e8ges sport<\/span><\/li>\n<li><span dir=\"auto\">commande vocale<\/span><\/li>\n<li><span dir=\"auto\">Assistance au maintien de voie<\/span><\/li>\n<li><span dir=\"auto\">Syst\u00e8me de d\u00e9marrage\/arr\u00eat<\/span><\/li>\n<li><span dir=\"auto\">Assistance angle mort<\/span><\/li>\n<li><span dir=\"auto\">\u00e9cran tactile<\/span><\/li>\n<li><span dir=\"auto\">Contr\u00f4le de traction<\/span><\/li>\n<li><span dir=\"auto\">Tuner\/Radio<\/span><\/li>\n<li><span dir=\"auto\">USB<\/span><\/li>\n<li><span dir=\"auto\">reconnaissance des panneaux de signalisation<\/span><\/li>\n<li><span dir=\"auto\">r\u00e9troviseurs lat\u00e9raux virtuels<\/span><\/li>\n<li><span dir=\"auto\">forfait hiver<\/span><\/li>\n<li><span dir=\"auto\">Verrouillage centralis\u00e9<\/span><\/li>\n<\/ul>\n<\/div>\n<p>&nbsp;<\/p>\n<h4><span dir=\"auto\">Description du v\u00e9hicule<\/span><\/h4>\n<div class=\"span22\"><b><span dir=\"auto\">\u00c9quipements optionnels\u00a0:<\/span><\/b><br \/>\n<span dir=\"auto\">\u00c9clairage d\u2019ambiance, Pack Business, R\u00e9troviseurs ext\u00e9rieurs avec avertisseur d\u2019angle mort, Syst\u00e8me d\u2019assistance \u00e0 la conduite\u00a0: Assistant feux de route adaptatif Plus, Tapis de sol AMG, Chargeur \u00e0 induction pour smartphone, Climatisation automatique (Thermotronic), Pack Connectivit\u00e9, R\u00e9servoir de carburant grande capacit\u00e9, Jantes alliage 7,5&#215;19 (AMG, multibranches, gris titane), Peinture m\u00e9tallis\u00e9e, Phares LED Multibeam, Pack Navigation Premium, Pack Nuit, Pack Stationnement, Kit de r\u00e9paration de pneus (Tirefit), Banquette arri\u00e8re rabattable 60\/40, Syst\u00e8me de lave-glace chauffant, Syst\u00e8me de navigation MBUX avec r\u00e9alit\u00e9 augment\u00e9e, Pack Confort des si\u00e8ges, Sellerie en similicuir bicolore Artico, Syst\u00e8me audio, Pack R\u00e9troviseurs.<\/span><b><span dir=\"auto\">Autres \u00e9quipements\u00a0:<\/span><\/b><br \/>\n<span dir=\"auto\">D\u00e9sactivation de l\u2019airbag passager, Airbags conducteur et passager, R\u00e9troviseurs ext\u00e9rieurs \u00e0 r\u00e9glage \u00e9lectrique. R\u00e9troviseurs ext\u00e9rieurs r\u00e9glables et chauffants, airbag bassin avant, pack design et \u00e9quipements AMG Line, s\u00e9lecteur de mode de conduite Agility Select \/ Dynamic Select, assistance au freinage d&#8217;urgence active, assistant de maintien de voie actif, configuration du v\u00e9hicule (services et applications en ligne), syst\u00e8me de suivi du v\u00e9hicule, vitres \u00e9lectriques avant et arri\u00e8re, bo\u00eete de vitesses \u00e0 double embrayage \u00e0 8 rapports (DCT), carrosserie 5 portes, syst\u00e8me de d\u00e9marrage sans cl\u00e9 Keyless Go, airbag genoux conducteur, module de communication Mercedes me connect LTE, airbags rideaux, volant sport multifonctions, syst\u00e8me d&#8217;appel d&#8217;urgence Mercedes-Benz, moteur 2.0 L 140 kW CDI avec pot catalytique, syst\u00e8me multim\u00e9dia MBUX, syst\u00e8me de surveillance de la pression des pneus, faibles \u00e9missions selon la norme Euro 6d, airbags lat\u00e9raux avant, syst\u00e8me Start\/Stop, port USB \u00e0 l&#8217;arri\u00e8re<\/span><\/p>\n<\/div>\n","protected":false},"excerpt":{"rendered":"<p class=\"p2\"><b>limousine<\/b><\/p>\n<p class=\"p2\">Premi\u00e8re immatriculation :<span class=\"Apple-converted-space\">\u00a0 <\/span>f\u00e9vrier 2019,<\/p>\n<p class=\"p2\">Kilom\u00e9trage : 100\u00a0000\u00a0km<\/p>\n<p class=\"p2\">Carburant :<span class=\"Apple-converted-space\">\u00a0 <\/span>,<span class=\"Apple-converted-space\">\u00a0 <\/span>diesel,<span class=\"Apple-converted-space\">\u00a0<\/span><\/p>\n<p class=\"p2\">Puissance : 140\u00a0kW (190\u00a0ch),<\/p>\n<p class=\"p2\">Transmission : Bo\u00eete automatiq<\/p>\n","protected":false},"featured_media":1700,"template":"","meta":{"_monsterinsights_skip_tracking":false,"_monsterinsights_sitenote_active":false,"_monsterinsights_sitenote_note":"","_monsterinsights_sitenote_category":0},"product_brand":[],"product_cat":[15],"product_tag":[],"class_list":{"0":"post-1699","1":"product","2":"type-product","3":"status-publish","4":"has-post-thumbnail","6":"product_cat-non-classe","8":"first","9":"instock","10":"featured","11":"shipping-taxable","12":"purchasable","13":"product-type-simple"},"aioseo_notices":[],"jetpack_sharing_enabled":true,"_links":{"self":[{"href":"https:\/\/autohaus-lynk.com\/index.php\/wp-json\/wp\/v2\/product\/1699","targetHints":{"allow":["GET"]}}],"collection":[{"href":"https:\/\/autohaus-lynk.com\/index.php\/wp-json\/wp\/v2\/product"}],"about":[{"href":"https:\/\/autohaus-lynk.com\/index.php\/wp-json\/wp\/v2\/types\/product"}],"wp:featuredmedia":[{"embeddable":true,"href":"https:\/\/autohaus-lynk.com\/index.php\/wp-json\/wp\/v2\/media\/1700"}],"wp:attachment":[{"href":"https:\/\/autohaus-lynk.com\/index.php\/wp-json\/wp\/v2\/media?parent=1699"}],"wp:term":[{"taxonomy":"product_brand","embeddable":true,"href":"https:\/\/autohaus-lynk.com\/index.php\/wp-json\/wp\/v2\/product_brand?post=1699"},{"taxonomy":"product_cat","embeddable":true,"href":"https:\/\/autohaus-lynk.com\/index.php\/wp-json\/wp\/v2\/product_cat?post=1699"},{"taxonomy":"product_tag","embeddable":true,"href":"https:\/\/autohaus-lynk.com\/index.php\/wp-json\/wp\/v2\/product_tag?post=1699"}],"curies":[{"name":"wp","href":"https:\/\/api.w.org\/{rel}","templated":true}]}}