{"id":691,"date":"2025-10-29T16:58:12","date_gmt":"2025-10-29T16:58:12","guid":{"rendered":"https:\/\/autohaus-lynk.com\/?post_type=product&#038;p=691"},"modified":"2025-11-15T10:58:09","modified_gmt":"2025-11-15T10:58:09","slug":"audi-q5-quattro-finition-exclusive","status":"publish","type":"product","link":"https:\/\/autohaus-lynk.com\/index.php\/produit\/audi-q5-quattro-finition-exclusive\/","title":{"rendered":"Audi Q5 quattro, finition exclusive"},"content":{"rendered":"<div class=\"vehicleFeatures row-fluid\">\n<h4><span dir=\"auto\">\u00e9quipement<\/span><\/h4>\n<div class=\"span6\">\n<ul>\n<li><span dir=\"auto\">vitres teint\u00e9es<\/span><\/li>\n<li><span dir=\"auto\">ABS<\/span><\/li>\n<li><span dir=\"auto\">r\u00e9gulateur de vitesse adaptatif<\/span><\/li>\n<li><span dir=\"auto\">Syst\u00e8me d&#8217;avertissement de distance<\/span><\/li>\n<li><span dir=\"auto\">Syst\u00e8me d&#8217;alarme<\/span><\/li>\n<li><span dir=\"auto\">Transmission int\u00e9grale<\/span><\/li>\n<li><span dir=\"auto\">\u00c9clairage ambiant<\/span><\/li>\n<li><span dir=\"auto\">Attelage de remorque pivotant<\/span><\/li>\n<li><span dir=\"auto\">accoudoir<\/span><\/li>\n<li><span dir=\"auto\">Aide au d\u00e9marrage en c\u00f4te<\/span><\/li>\n<li><span dir=\"auto\">Phares bi-x\u00e9non<\/span><\/li>\n<li><span dir=\"auto\">Bluetooth<\/span><\/li>\n<li><span dir=\"auto\">Ordinateur de bord<\/span><\/li>\n<li><span dir=\"auto\">lecteur CD<\/span><\/li>\n<\/ul>\n<\/div>\n<div class=\"span6\">\n<ul>\n<li><span dir=\"auto\">barres de toit<\/span><\/li>\n<li><span dir=\"auto\">l\u00e8ve-vitre \u00e9lectrique<\/span><\/li>\n<li><span dir=\"auto\">hayon \u00e9lectrique<\/span><\/li>\n<li><span dir=\"auto\">R\u00e9troviseurs lat\u00e9raux \u00e9lectriques<\/span><\/li>\n<li><span dir=\"auto\">R\u00e9glage \u00e9lectrique du si\u00e8ge<\/span><\/li>\n<li><span dir=\"auto\">immobilisateur \u00e9lectrique<\/span><\/li>\n<li><span dir=\"auto\">ESP<\/span><\/li>\n<li><span dir=\"auto\">Assistance feux de route<\/span><\/li>\n<li><span dir=\"auto\">Syst\u00e8me mains libres<\/span><\/li>\n<li><span dir=\"auto\">R\u00e9troviseur int\u00e9rieur \u00e0 att\u00e9nuation automatique<\/span><\/li>\n<li><span dir=\"auto\">Isofix<\/span><\/li>\n<li><span dir=\"auto\">Feux de virage<\/span><\/li>\n<li><span dir=\"auto\">volant en cuir<\/span><\/li>\n<li><span dir=\"auto\">Feux de jour \u00e0 LED<\/span><\/li>\n<\/ul>\n<\/div>\n<div class=\"span6\">\n<ul>\n<li><span dir=\"auto\">jantes en alliage<\/span><\/li>\n<li><span dir=\"auto\">capteur de lumi\u00e8re<\/span><\/li>\n<li><span dir=\"auto\">Soutien lombaire<\/span><\/li>\n<li><span dir=\"auto\">Volant multifonction<\/span><\/li>\n<li><span dir=\"auto\">Syst\u00e8me de navigation<\/span><\/li>\n<li><span dir=\"auto\">Pr\u00e9paration \u00e0 la navigation<\/span><\/li>\n<li><span dir=\"auto\">phares antibrouillard<\/span><\/li>\n<li><span dir=\"auto\">V\u00e9hicule non-fumeur<\/span><\/li>\n<li><span dir=\"auto\">Assistance au freinage d&#8217;urgence<\/span><\/li>\n<li><span dir=\"auto\">Filtre \u00e0 particules<\/span><\/li>\n<li><span dir=\"auto\">capteur de pluie<\/span><\/li>\n<li><span dir=\"auto\">Syst\u00e8me de surveillance de la pression des pneus<\/span><\/li>\n<li><span dir=\"auto\">palettes de changement de vitesse<\/span><\/li>\n<li><span dir=\"auto\">Historique d&#8217;entretien complet<\/span><\/li>\n<\/ul>\n<\/div>\n<div class=\"span6\">\n<ul>\n<li><span dir=\"auto\">syst\u00e8me de nettoyage des phares<\/span><\/li>\n<li><span dir=\"auto\">verrouillage centralis\u00e9 sans cl\u00e9<\/span><\/li>\n<li><span dir=\"auto\">direction assist\u00e9e<\/span><\/li>\n<li><span dir=\"auto\">Si\u00e8ges chauffants<\/span><\/li>\n<li><span dir=\"auto\">pneus d&#8217;\u00e9t\u00e9<\/span><\/li>\n<li><span dir=\"auto\">syst\u00e8me audio<\/span><\/li>\n<li><span dir=\"auto\">forfait sportif<\/span><\/li>\n<li><span dir=\"auto\">Assistance au maintien dans la voie<\/span><\/li>\n<li><span dir=\"auto\">Syst\u00e8me de d\u00e9marrage\/arr\u00eat<\/span><\/li>\n<li><span dir=\"auto\">Contr\u00f4le de traction<\/span><\/li>\n<li><span dir=\"auto\">Tuner\/Radio<\/span><\/li>\n<li><span dir=\"auto\">USB<\/span><\/li>\n<li><span dir=\"auto\">forfait hiver<\/span><\/li>\n<li><span dir=\"auto\">Verrouillage centralis\u00e9<\/span><\/li>\n<\/ul>\n<\/div>\n<\/div>\n<div class=\"clearfix\"><\/div>\n<div class=\"vehicleDescription row-fluid\">\n<h4><span dir=\"auto\">Description du v\u00e9hicule<\/span><\/h4>\n<div class=\"span22\"><b><span dir=\"auto\">\u00c9quipements en option\u00a0:<\/span><\/b><br \/>\n<span dir=\"auto\">Pack rangement, Audi Drive Select, Pack d\u2019\u00e9quipements\u00a0: Audi exclusive line \/ Comfort, R\u00e9troviseurs ext\u00e9rieurs \u00e9lectriques, chauffants et rabattables avec fonction anti-\u00e9blouissement automatique et fonction m\u00e9moire, Changeur CD dans la bo\u00eete \u00e0 gants, Antivol de roues, Double pare-soleil (coulissant et extensible),\u00a0<\/span><b><span dir=\"auto\">Aide au stationnement avant et arri\u00e8re avec cam\u00e9ra de recul (APS Advanced), Aide au d\u00e9marrage en c\u00f4te, Capteur de luminosit\u00e9 et de pluie et assistant feux de route, Assistance au changement de voie et au maintien de voie (Side Assist et Active Lane Assist), Syst\u00e8me d\u2019information du conducteur (FIS) avec \u00e9cran couleur, Suspension avec contr\u00f4le d\u2019amortissement (Magnetic Ride),<\/span><\/b><span dir=\"auto\">\u00a0Kit de fixation pour syst\u00e8me de rails dans le coffre, Hayon \u00e0 commande \u00e9lectrique. Fonctionnement (ouverture + fermeture), Int\u00e9rieur : Incrustations d\u00e9coratives en bois de racine de noyer brun, R\u00e9troviseur int\u00e9rieur \u00e0 att\u00e9nuation automatique, Plateau de coffre avec tapis r\u00e9versible, Climatisation automatique confort 3 zones, Pack Confort, Pack Cuir, Pack \u00c9clairage, Jantes alliage 8,5&#215;20 (5 branches segment\u00e9es), Interface multim\u00e9dia MMI Navigation Plus, Peinture effet nacr\u00e9, Si\u00e8ges arri\u00e8re coulissants (2e rang\u00e9e) (plus), Si\u00e8ges avant \u00e0 r\u00e9glage \u00e9lectrique (si\u00e8ge conducteur avec m\u00e9moire), Syst\u00e8me audio Bang &amp; Olufsen, Vitres arri\u00e8re teint\u00e9es, Phares x\u00e9non Plus avec \u00e9clairage adaptatif (feux de virage int\u00e9gr\u00e9s)<\/span><b><span dir=\"auto\">\u00c9quipements suppl\u00e9mentaires :<\/span><\/b><br \/>\n<span dir=\"auto\">Airbag conducteur\/passager, Antipatinage (ASR), R\u00e9troviseur ext\u00e9rieur asph\u00e9rique gauche, R\u00e9troviseur ext\u00e9rieur asph\u00e9rique droit, R\u00e9troviseurs ext\u00e9rieurs couleur carrosserie, Syst\u00e8me de freinage avec r\u00e9cup\u00e9ration d&#8217;\u00e9nergie, Barres de toit (aluminium), \u00c9lectronique. Blocage de diff\u00e9rentiel \u00e9lectronique (EDS), contr\u00f4le de descente, vitres \u00e9lectriques avant et arri\u00e8re, pack brillant, fixations Isofix pour si\u00e8ges enfant, carrosserie 4 portes, airbags lat\u00e9raux de t\u00eate (Sideguard), restylage, restylage \u00e0 partir de l&#8217;ann\u00e9e-mod\u00e8le 2013, moteur 3.0L 180kW V6 24V TDI, frein de stationnement \u00e9lectrom\u00e9canique, empattement de 2807 mm, kit de r\u00e9paration de pneus, syst\u00e8me de surveillance de la pression des pneus, faibles \u00e9missions selon la norme Euro 5, airbags lat\u00e9raux avant, syst\u00e8me Start\/Stop, vitres athermiques surteint\u00e9es vertes, v\u00e9hicule bien entretenu, longue dur\u00e9e de propri\u00e9t\u00e9, pneus hiver Michelin sur jantes alliage<\/span><\/p>\n<\/div>\n<\/div>\n","protected":false},"excerpt":{"rendered":"<p class=\"p1\"><b>SUV\/V\u00e9hicule tout-terrain\/Camionnette<\/b><\/p>\n<p class=\"p1\">Premi\u00e8re immatriculation : janvier 2014,<\/p>\n<p class=\"p1\">Kilom\u00e9trage : 216\u00a0000 km<\/p>\n<p class=\"p1\">Carburant : diesel<\/p>\n<p class=\"p1\">Puissance : 180 kW (245 ch),<\/p>\n<p class=\"p1\">Transmission : Bo\u00eete automatique<\/p>\n","protected":false},"featured_media":693,"template":"","meta":{"_monsterinsights_skip_tracking":false,"_monsterinsights_sitenote_active":false,"_monsterinsights_sitenote_note":"","_monsterinsights_sitenote_category":0},"product_brand":[],"product_cat":[15],"product_tag":[],"class_list":{"0":"post-691","1":"product","2":"type-product","3":"status-publish","4":"has-post-thumbnail","6":"product_cat-non-classe","8":"first","9":"instock","10":"featured","11":"shipping-taxable","12":"purchasable","13":"product-type-simple"},"aioseo_notices":[],"jetpack_sharing_enabled":true,"_links":{"self":[{"href":"https:\/\/autohaus-lynk.com\/index.php\/wp-json\/wp\/v2\/product\/691","targetHints":{"allow":["GET"]}}],"collection":[{"href":"https:\/\/autohaus-lynk.com\/index.php\/wp-json\/wp\/v2\/product"}],"about":[{"href":"https:\/\/autohaus-lynk.com\/index.php\/wp-json\/wp\/v2\/types\/product"}],"wp:featuredmedia":[{"embeddable":true,"href":"https:\/\/autohaus-lynk.com\/index.php\/wp-json\/wp\/v2\/media\/693"}],"wp:attachment":[{"href":"https:\/\/autohaus-lynk.com\/index.php\/wp-json\/wp\/v2\/media?parent=691"}],"wp:term":[{"taxonomy":"product_brand","embeddable":true,"href":"https:\/\/autohaus-lynk.com\/index.php\/wp-json\/wp\/v2\/product_brand?post=691"},{"taxonomy":"product_cat","embeddable":true,"href":"https:\/\/autohaus-lynk.com\/index.php\/wp-json\/wp\/v2\/product_cat?post=691"},{"taxonomy":"product_tag","embeddable":true,"href":"https:\/\/autohaus-lynk.com\/index.php\/wp-json\/wp\/v2\/product_tag?post=691"}],"curies":[{"name":"wp","href":"https:\/\/api.w.org\/{rel}","templated":true}]}}