{"id":8718,"date":"2025-11-04T13:26:54","date_gmt":"2025-11-04T13:26:54","guid":{"rendered":"https:\/\/autohaus-lynk.com\/?post_type=product&#038;p=8718"},"modified":"2025-11-15T10:48:25","modified_gmt":"2025-11-15T10:48:25","slug":"mercedes-benz-gla-220-cdi-auto-amg-line-pano","status":"publish","type":"product","link":"https:\/\/autohaus-lynk.com\/index.php\/produit\/mercedes-benz-gla-220-cdi-auto-amg-line-pano\/","title":{"rendered":"Mercedes-Benz GLA 220 CDI Auto. *AMG Line *Pano*"},"content":{"rendered":"<h4><span dir=\"auto\">\u00e9quipement<\/span><\/h4>\n<div class=\"span6\">\n<ul>\n<li><span dir=\"auto\">ABS<\/span><\/li>\n<li><span dir=\"auto\">accoudoir<\/span><\/li>\n<li><span dir=\"auto\">Phares bi-x\u00e9non<\/span><\/li>\n<li><span dir=\"auto\">Bluetooth<\/span><\/li>\n<li><span dir=\"auto\">Ordinateur de bord<\/span><\/li>\n<li><span dir=\"auto\">lecteur CD<\/span><\/li>\n<li><span dir=\"auto\">barres de toit<\/span><\/li>\n<li><span dir=\"auto\">l\u00e8ve-vitre \u00e9lectrique<\/span><\/li>\n<li><span dir=\"auto\">R\u00e9troviseurs lat\u00e9raux \u00e9lectriques<\/span><\/li>\n<li><span dir=\"auto\">immobilisateur \u00e9lectrique<\/span><\/li>\n<li><span dir=\"auto\">ESP<\/span><\/li>\n<\/ul>\n<\/div>\n<div class=\"span6\">\n<ul>\n<li><span dir=\"auto\">Syst\u00e8me mains libres<\/span><\/li>\n<li><span dir=\"auto\">Traction avant<\/span><\/li>\n<li><span dir=\"auto\">Cloison du compartiment \u00e0 bagages<\/span><\/li>\n<li><span dir=\"auto\">Limiteur de vitesse<\/span><\/li>\n<li><span dir=\"auto\">Isofix<\/span><\/li>\n<li><span dir=\"auto\">volant en cuir<\/span><\/li>\n<li><span dir=\"auto\">Avertissement concernant la fatigue<\/span><\/li>\n<li><span dir=\"auto\">Volant multifonction<\/span><\/li>\n<li><span dir=\"auto\">Syst\u00e8me de navigation<\/span><\/li>\n<li><span dir=\"auto\">phares antibrouillard<\/span><\/li>\n<li><span dir=\"auto\">V\u00e9hicule non-fumeur<\/span><\/li>\n<\/ul>\n<\/div>\n<div class=\"span6\">\n<ul>\n<li><span dir=\"auto\">assistance au freinage d&#8217;urgence<\/span><\/li>\n<li><span dir=\"auto\">Kit de d\u00e9pannage<\/span><\/li>\n<li><span dir=\"auto\">Toit panoramique<\/span><\/li>\n<li><span dir=\"auto\">Filtre \u00e0 particules<\/span><\/li>\n<li><span dir=\"auto\">syst\u00e8me de surveillance de la pression des pneus<\/span><\/li>\n<li><span dir=\"auto\">Historique d&#8217;entretien complet<\/span><\/li>\n<li><span dir=\"auto\">syst\u00e8me de nettoyage des phares<\/span><\/li>\n<li><span dir=\"auto\">direction assist\u00e9e<\/span><\/li>\n<li><span dir=\"auto\">Si\u00e8ges chauffants<\/span><\/li>\n<li><span dir=\"auto\">pneus d&#8217;\u00e9t\u00e9<\/span><\/li>\n<li><span dir=\"auto\">syst\u00e8me audio<\/span><\/li>\n<\/ul>\n<\/div>\n<div class=\"span6\">\n<ul>\n<li><span dir=\"auto\">Suspension sport<\/span><\/li>\n<li><span dir=\"auto\">forfait sportif<\/span><\/li>\n<li><span dir=\"auto\">Si\u00e8ges sport<\/span><\/li>\n<li><span dir=\"auto\">Syst\u00e8me de d\u00e9marrage\/arr\u00eat<\/span><\/li>\n<li><span dir=\"auto\">Feux de jour<\/span><\/li>\n<li><span dir=\"auto\">r\u00e9gulateur de vitesse<\/span><\/li>\n<li><span dir=\"auto\">Tuner\/Radio<\/span><\/li>\n<li><span dir=\"auto\">pneus d&#8217;hiver<\/span><\/li>\n<li><span dir=\"auto\">Verrouillage centralis\u00e9<\/span><\/li>\n<\/ul>\n<\/div>\n<p>&nbsp;<\/p>\n<p><b><span dir=\"auto\">\u00c9quipements optionnels\u00a0:<\/span><\/b><br \/>\n<span dir=\"auto\">phares bi-x\u00e9non, syst\u00e8me d\u2019assistance \u00e0 la conduite avec aide au stationnement active, ciel de toit noir, pack coffre, module de navigation Becker MAP Pilot, toit ouvrant panoramique \u00e9lectrique (toit enti\u00e8rement vitr\u00e9), cam\u00e9ra de recul, si\u00e8ges avant chauffants, suspension sport.<\/span><\/p>\n<p><b><span dir=\"auto\">\u00c9quipements suppl\u00e9mentaires\u00a0:<\/span><\/b><br \/>\n<span dir=\"auto\">feux stop adaptatifs, airbags conducteur et passager, capote active, antipatinage (ASR), syst\u00e8me audio Audio 20 CD (radio\/lecteur CD\/clavier t\u00e9l\u00e9phonique), r\u00e9troviseurs ext\u00e9rieurs \u00e0 r\u00e9glage \u00e9lectrique. R\u00e9troviseurs ext\u00e9rieurs r\u00e9glables et chauffants (des deux c\u00f4t\u00e9s), r\u00e9troviseurs ext\u00e9rieurs couleur carrosserie, affichage de la temp\u00e9rature ext\u00e9rieure, airbag bassin avant, clignotants int\u00e9gr\u00e9s aux r\u00e9troviseurs ext\u00e9rieurs, pack design et \u00e9quipement AMG Line, allumage automatique des phares, syst\u00e8me d&#8217;assistance \u00e0 la conduite\u00a0: assistance au freinage d&#8217;urgence, syst\u00e8me d&#8217;assistance \u00e0 la conduite\u00a0: Attention Assist (d\u00e9tection de somnolence), syst\u00e8me d&#8217;assistance \u00e0 la conduite\u00a0: avertisseur de collision avec fonction de freinage (Collision Prevention Assist), vitres \u00e9lectriques avant et arri\u00e8re, frein de stationnement \u00e9lectrique, pare-brise feuillet\u00e9, cache-bagages\/store enrouleur, fixations Isofix pour si\u00e8ges enfant \u00e0 l&#8217;arri\u00e8re, carrosserie 5 portes, airbag genoux c\u00f4t\u00e9 conducteur, airbags rideaux, moteur CDI 2,1\u00a0L &#8211; 125\u00a0kW avec pot catalytique, empattement de 2\u00a0699\u00a0mm, kit de r\u00e9paration de pneus (Tirefit), syst\u00e8me de surveillance de la pression des pneus, ordinateur de bord, banquette arri\u00e8re rabattable 60\/40, faibles \u00e9missions selon la norme Euro\u00a06. Airbags lat\u00e9raux avant, si\u00e8ge conducteur r\u00e9glable en hauteur, d\u00e9tection de pr\u00e9sence du passager pour l&#8217;airbag passager, syst\u00e8me Start\/Stop, compartiment de rangement sous le plancher du coffre, pare-chocs couleur carrosserie, poign\u00e9es de porte ext\u00e9rieures couleur carrosserie, protection anti-encastrement, syst\u00e8me d&#8217;avertissement\/t\u00e9moin d&#8217;\u00e9tat des ceintures de s\u00e9curit\u00e9 arri\u00e8re, vitres athermiques<\/span><\/p>\n","protected":false},"excerpt":{"rendered":"<p class=\"p2\"><b>SUV\/V\u00e9hicule tout-terrain\/Camionnette<\/b><\/p>\n<p class=\"p2\">Premi\u00e8re immatriculation :<span class=\"Apple-converted-space\">\u00a0 <\/span>avril 2015,<\/p>\n<p class=\"p2\">Kilom\u00e9trage : 173\u00a0239 km<\/p>\n<p class=\"p2\">Carburant :<span class=\"Apple-converted-space\">\u00a0 <\/span>diesel<\/p>\n<p class=\"p2\">Puissance :<span class=\"Apple-converted-space\">\u00a0 <\/span>125 kW (170 ch),<\/p>\n<p class=\"p2\">Transmission : Bo\u00eete automatique<\/p>\n","protected":false},"featured_media":8723,"template":"","meta":{"_monsterinsights_skip_tracking":false,"_monsterinsights_sitenote_active":false,"_monsterinsights_sitenote_note":"","_monsterinsights_sitenote_category":0},"product_brand":[],"product_cat":[15],"product_tag":[],"class_list":{"0":"post-8718","1":"product","2":"type-product","3":"status-publish","4":"has-post-thumbnail","6":"product_cat-non-classe","8":"first","9":"instock","10":"featured","11":"shipping-taxable","12":"purchasable","13":"product-type-simple"},"aioseo_notices":[],"jetpack_sharing_enabled":true,"_links":{"self":[{"href":"https:\/\/autohaus-lynk.com\/index.php\/wp-json\/wp\/v2\/product\/8718","targetHints":{"allow":["GET"]}}],"collection":[{"href":"https:\/\/autohaus-lynk.com\/index.php\/wp-json\/wp\/v2\/product"}],"about":[{"href":"https:\/\/autohaus-lynk.com\/index.php\/wp-json\/wp\/v2\/types\/product"}],"wp:featuredmedia":[{"embeddable":true,"href":"https:\/\/autohaus-lynk.com\/index.php\/wp-json\/wp\/v2\/media\/8723"}],"wp:attachment":[{"href":"https:\/\/autohaus-lynk.com\/index.php\/wp-json\/wp\/v2\/media?parent=8718"}],"wp:term":[{"taxonomy":"product_brand","embeddable":true,"href":"https:\/\/autohaus-lynk.com\/index.php\/wp-json\/wp\/v2\/product_brand?post=8718"},{"taxonomy":"product_cat","embeddable":true,"href":"https:\/\/autohaus-lynk.com\/index.php\/wp-json\/wp\/v2\/product_cat?post=8718"},{"taxonomy":"product_tag","embeddable":true,"href":"https:\/\/autohaus-lynk.com\/index.php\/wp-json\/wp\/v2\/product_tag?post=8718"}],"curies":[{"name":"wp","href":"https:\/\/api.w.org\/{rel}","templated":true}]}}