{"id":8739,"date":"2025-11-04T13:33:36","date_gmt":"2025-11-04T13:33:36","guid":{"rendered":"https:\/\/autohaus-lynk.com\/?post_type=product&#038;p=8739"},"modified":"2025-12-05T20:17:39","modified_gmt":"2025-12-05T20:17:39","slug":"opel-astra-j-lim-cosmo-xenonclimatisation","status":"publish","type":"product","link":"https:\/\/autohaus-lynk.com\/index.php\/produit\/opel-astra-j-lim-cosmo-xenonclimatisation\/","title":{"rendered":"Opel Astra J Lim. Cosmo Xenon*Climatisation"},"content":{"rendered":"<div class=\"vehicleFeatures row-fluid\">\n<h4><span dir=\"auto\">\u00e9quipement<\/span><\/h4>\n<div class=\"span6\">\n<ul>\n<li><span dir=\"auto\">ABS<\/span><\/li>\n<li><span dir=\"auto\">accoudoir<\/span><\/li>\n<li><span dir=\"auto\">Ordinateur de bord<\/span><\/li>\n<li><span dir=\"auto\">lecteur CD<\/span><\/li>\n<li><span dir=\"auto\">l\u00e8ve-vitre \u00e9lectrique<\/span><\/li>\n<li><span dir=\"auto\">R\u00e9troviseurs lat\u00e9raux \u00e9lectriques<\/span><\/li>\n<li><span dir=\"auto\">immobilisateur \u00e9lectrique<\/span><\/li>\n<\/ul>\n<\/div>\n<div class=\"span6\">\n<ul>\n<li><span dir=\"auto\">ESP<\/span><\/li>\n<li><span dir=\"auto\">Traction avant<\/span><\/li>\n<li><span dir=\"auto\">Isofix<\/span><\/li>\n<li><span dir=\"auto\">volant en cuir<\/span><\/li>\n<li><span dir=\"auto\">Feux de jour \u00e0 LED<\/span><\/li>\n<li><span dir=\"auto\">jantes en alliage<\/span><\/li>\n<li><span dir=\"auto\">capteur de lumi\u00e8re<\/span><\/li>\n<\/ul>\n<\/div>\n<div class=\"span6\">\n<ul>\n<li><span dir=\"auto\">phares antibrouillard<\/span><\/li>\n<li><span dir=\"auto\">V\u00e9hicule non-fumeur<\/span><\/li>\n<li><span dir=\"auto\">Radio num\u00e9rique DAB<\/span><\/li>\n<li><span dir=\"auto\">Historique d&#8217;entretien complet<\/span><\/li>\n<li><span dir=\"auto\">syst\u00e8me de nettoyage des phares<\/span><\/li>\n<li><span dir=\"auto\">direction assist\u00e9e<\/span><\/li>\n<li><span dir=\"auto\">Si\u00e8ges chauffants<\/span><\/li>\n<\/ul>\n<\/div>\n<div class=\"span6\">\n<ul>\n<li><span dir=\"auto\">syst\u00e8me audio<\/span><\/li>\n<li><span dir=\"auto\">commande vocale<\/span><\/li>\n<li><span dir=\"auto\">Contr\u00f4le de traction<\/span><\/li>\n<li><span dir=\"auto\">Tuner\/Radio<\/span><\/li>\n<li><span dir=\"auto\">pneus d&#8217;hiver<\/span><\/li>\n<li><span dir=\"auto\">Phares au x\u00e9non<\/span><\/li>\n<li><span dir=\"auto\">Verrouillage centralis\u00e9<\/span><\/li>\n<\/ul>\n<\/div>\n<\/div>\n<div class=\"clearfix\"><\/div>\n<div class=\"vehicleDescription row-fluid\"><\/div>\n<div><\/div>\n<div><\/div>\n<div><b><span dir=\"auto\">\u00c9quipements optionnels\u00a0:<\/span><\/b><br \/>\n<span dir=\"auto\">Plancher de coffre FlexFloor r\u00e9glable en hauteur, Pack Innovation AFL+, Pack Confort, Syst\u00e8me d\u2019aide au stationnement avant et arri\u00e8re, Roue de secours.<\/span><b><span dir=\"auto\">Autres \u00e9quipements\u00a0:<\/span><\/b><br \/>\n<span dir=\"auto\">D\u00e9sactivation de l\u2019airbag passager, Airbags conducteur et passager, Appuie-t\u00eate avant actifs, \u00c9clairage d\u2019ambiance de la console centrale, \u00c9clairage d\u2019ambiance des seuils de porte, Syst\u00e8me audio CD 400 MP3 (radio\/lecteur CD compatible MP3), R\u00e9troviseurs ext\u00e9rieurs \u00e9lectriques et chauffants, R\u00e9troviseurs ext\u00e9rieurs couleur carrosserie, Ordinateur de bord, Assistance au freinage d\u2019urgence, Avertisseur sonore bitonal, Compte-tours, Seuils de porte en aluminium, \u00c9quipements \u00e9lectroniques. Contr\u00f4le de traction, encadrement de vitres chrom\u00e9\/inox, filet\/pochette de rangement au dos du si\u00e8ge avant, feux arri\u00e8re surteint\u00e9s, lunette arri\u00e8re d\u00e9givrante, essuie-glace arri\u00e8re, inserts d\u00e9coratifs int\u00e9rieurs : Matrix, filtre d&#8217;habitacle : filtre \u00e0 pollen, tableau de bord \u00e0 r\u00e9tro\u00e9clairage translucide, fixations Isofix pour si\u00e8ges enfant \u00e0 l&#8217;arri\u00e8re, carrosserie : 5 portes, climatisation automatique bizone, si\u00e8ges avant confort, airbags rideaux, appuie-t\u00eate arri\u00e8re (2), cache-bagages, colonne de direction r\u00e9glable, liseuses avant (2), pack \u00e9clairage, jantes alliage, moteur turbo 1.4L 103 kW 16V, feu antibrouillard arri\u00e8re, banquette arri\u00e8re rabattable 60\/40, faibles \u00e9missions selon la norme Euro 5, airbags lat\u00e9raux avant, si\u00e8ge conducteur r\u00e9glable en hauteur, d\u00e9tection de pr\u00e9sence pour l&#8217;airbag passager, sellerie tissu\/simili cuir, prise 12V dans la console centrale, poign\u00e9es de porte ext\u00e9rieures couleur carrosserie, vitrage athermique.<\/span><\/p>\n<\/div>\n","protected":false},"excerpt":{"rendered":"<p class=\"p2\"><b>limousine<\/b><\/p>\n<p class=\"p2\">Premi\u00e8re immatriculation :<span class=\"Apple-converted-space\">\u00a0 <\/span>novembre 2010,<\/p>\n<p class=\"p2\">Kilom\u00e9trage : 147\u00a0825 km<\/p>\n<p class=\"p2\">Carburant :<span class=\"Apple-converted-space\">\u00a0 <\/span>essence, compatible E10,<\/p>\n<p class=\"p2\">Puissance :<span class=\"Apple-converted-space\">\u00a0 <\/span>103 kW (140 ch)<\/p>\n<p class=\"p2\">Transmission : Bo\u00eete manuelle<\/p>\n","protected":false},"featured_media":8742,"template":"","meta":{"_monsterinsights_skip_tracking":false,"_monsterinsights_sitenote_active":false,"_monsterinsights_sitenote_note":"","_monsterinsights_sitenote_category":0},"product_brand":[],"product_cat":[15],"product_tag":[],"class_list":{"0":"post-8739","1":"product","2":"type-product","3":"status-publish","4":"has-post-thumbnail","6":"product_cat-non-classe","8":"first","9":"instock","10":"shipping-taxable","11":"purchasable","12":"product-type-simple"},"aioseo_notices":[],"jetpack_sharing_enabled":true,"_links":{"self":[{"href":"https:\/\/autohaus-lynk.com\/index.php\/wp-json\/wp\/v2\/product\/8739","targetHints":{"allow":["GET"]}}],"collection":[{"href":"https:\/\/autohaus-lynk.com\/index.php\/wp-json\/wp\/v2\/product"}],"about":[{"href":"https:\/\/autohaus-lynk.com\/index.php\/wp-json\/wp\/v2\/types\/product"}],"wp:featuredmedia":[{"embeddable":true,"href":"https:\/\/autohaus-lynk.com\/index.php\/wp-json\/wp\/v2\/media\/8742"}],"wp:attachment":[{"href":"https:\/\/autohaus-lynk.com\/index.php\/wp-json\/wp\/v2\/media?parent=8739"}],"wp:term":[{"taxonomy":"product_brand","embeddable":true,"href":"https:\/\/autohaus-lynk.com\/index.php\/wp-json\/wp\/v2\/product_brand?post=8739"},{"taxonomy":"product_cat","embeddable":true,"href":"https:\/\/autohaus-lynk.com\/index.php\/wp-json\/wp\/v2\/product_cat?post=8739"},{"taxonomy":"product_tag","embeddable":true,"href":"https:\/\/autohaus-lynk.com\/index.php\/wp-json\/wp\/v2\/product_tag?post=8739"}],"curies":[{"name":"wp","href":"https:\/\/api.w.org\/{rel}","templated":true}]}}