{"id":8802,"date":"2025-11-05T00:32:38","date_gmt":"2025-11-05T00:32:38","guid":{"rendered":"https:\/\/autohaus-lynk.com\/?post_type=product&#038;p=8802"},"modified":"2025-11-15T10:47:27","modified_gmt":"2025-11-15T10:47:27","slug":"volkswagen-touran-life-panorama-navi-sieges-chauffants-2","status":"publish","type":"product","link":"https:\/\/autohaus-lynk.com\/index.php\/produit\/volkswagen-touran-life-panorama-navi-sieges-chauffants-2\/","title":{"rendered":"Volkswagen Touran Life Panorama Navi Si\u00e8ges chauffants"},"content":{"rendered":"<div class=\"vehicleFeatures row-fluid\">\n<h4><span dir=\"auto\">\u00e9quipement<\/span><\/h4>\n<div class=\"span6\">\n<ul>\n<li><span dir=\"auto\">vitres teint\u00e9es<\/span><\/li>\n<li><span dir=\"auto\">ABS<\/span><\/li>\n<li><span dir=\"auto\">r\u00e9gulateur de vitesse adaptatif<\/span><\/li>\n<li><span dir=\"auto\">Feux de virage adaptatifs<\/span><\/li>\n<li><span dir=\"auto\">Pneus toutes saisons<\/span><\/li>\n<li><span dir=\"auto\">\u00c9clairage ambiant<\/span><\/li>\n<li><span dir=\"auto\">accoudoir<\/span><\/li>\n<li><span dir=\"auto\">Assistant de stationnement<\/span><\/li>\n<li><span dir=\"auto\">Pare-brise chauffant<\/span><\/li>\n<li><span dir=\"auto\">Phares bi-x\u00e9non<\/span><\/li>\n<li><span dir=\"auto\">Bluetooth<\/span><\/li>\n<li><span dir=\"auto\">Ordinateur de bord<\/span><\/li>\n<li><span dir=\"auto\">lecteur CD<\/span><\/li>\n<\/ul>\n<\/div>\n<div class=\"span6\">\n<ul>\n<li><span dir=\"auto\">l\u00e8ve-vitre \u00e9lectrique<\/span><\/li>\n<li><span dir=\"auto\">R\u00e9troviseurs lat\u00e9raux \u00e9lectriques<\/span><\/li>\n<li><span dir=\"auto\">R\u00e9troviseurs lat\u00e9raux rabattables \u00e9lectriquement<\/span><\/li>\n<li><span dir=\"auto\">immobilisateur \u00e9lectrique<\/span><\/li>\n<li><span dir=\"auto\">ESP<\/span><\/li>\n<li><span dir=\"auto\">Assistance feux de route<\/span><\/li>\n<li><span dir=\"auto\">Syst\u00e8me mains libres<\/span><\/li>\n<li><span dir=\"auto\">Traction avant<\/span><\/li>\n<li><span dir=\"auto\">garantie<\/span><\/li>\n<li><span dir=\"auto\">R\u00e9troviseur int\u00e9rieur \u00e0 att\u00e9nuation automatique<\/span><\/li>\n<li><span dir=\"auto\">nouvelle inspection<\/span><\/li>\n<li><span dir=\"auto\">Isofix<\/span><\/li>\n<li><span dir=\"auto\">volant en cuir<\/span><\/li>\n<\/ul>\n<\/div>\n<div class=\"span6\">\n<ul>\n<li><span dir=\"auto\">jantes en alliage<\/span><\/li>\n<li><span dir=\"auto\">capteur de lumi\u00e8re<\/span><\/li>\n<li><span dir=\"auto\">Soutien lombaire<\/span><\/li>\n<li><span dir=\"auto\">Avertissement concernant la fatigue<\/span><\/li>\n<li><span dir=\"auto\">Volant multifonction<\/span><\/li>\n<li><span dir=\"auto\">Syst\u00e8me de navigation<\/span><\/li>\n<li><span dir=\"auto\">phares antibrouillard<\/span><\/li>\n<li><span dir=\"auto\">Kit de d\u00e9pannage<\/span><\/li>\n<li><span dir=\"auto\">Radio num\u00e9rique DAB<\/span><\/li>\n<li><span dir=\"auto\">capteur de pluie<\/span><\/li>\n<li><span dir=\"auto\">syst\u00e8me de surveillance de la pression des pneus<\/span><\/li>\n<li><span dir=\"auto\">palettes de changement de vitesse<\/span><\/li>\n<li><span dir=\"auto\">Historique d&#8217;entretien complet<\/span><\/li>\n<\/ul>\n<\/div>\n<div class=\"span6\">\n<ul>\n<li><span dir=\"auto\">syst\u00e8me de nettoyage des phares<\/span><\/li>\n<li><span dir=\"auto\">direction assist\u00e9e<\/span><\/li>\n<li><span dir=\"auto\">Si\u00e8ges chauffants<\/span><\/li>\n<li><span dir=\"auto\">Syst\u00e8me de d\u00e9marrage\/arr\u00eat<\/span><\/li>\n<li><span dir=\"auto\">Feux de jour<\/span><\/li>\n<li><span dir=\"auto\">Assistance angle mort<\/span><\/li>\n<li><span dir=\"auto\">\u00e9cran tactile<\/span><\/li>\n<li><span dir=\"auto\">reconnaissance des panneaux de signalisation<\/span><\/li>\n<li><span dir=\"auto\">forfait hiver<\/span><\/li>\n<li><span dir=\"auto\">Verrouillage centralis\u00e9<\/span><\/li>\n<\/ul>\n<\/div>\n<\/div>\n<div class=\"clearfix\"><\/div>\n<div class=\"vehicleDescription row-fluid\">\n<h4><span dir=\"auto\">Description du v\u00e9hicule<\/span><\/h4>\n<div class=\"span22\"><b><span dir=\"auto\">\u00c9quipements optionnels\u00a0:<\/span><\/b><br \/>\n<span dir=\"auto\">transmission automatique \u00e0 7 rapports,<\/span><br \/>\n<span dir=\"auto\">\u00e9clairage d\u2019ambiance,<\/span><br \/>\n<span dir=\"auto\">syst\u00e8me audio Composition Media (\u00e9cran tactile, radio\/lecteur CD, MP3, Bluetooth),<\/span><br \/>\n<span dir=\"auto\">pack d\u2019\u00e9quipements Allstar Plus,<\/span><br \/>\n<span dir=\"auto\">r\u00e9troviseurs ext\u00e9rieurs \u00e0 r\u00e9glage \u00e9lectrique et rabattables,<\/span><br \/>\n<span dir=\"auto\">r\u00e9gulateur de vitesse adaptatif (avec fonction d\u2019arr\u00eat) et limiteur de vitesse,<\/span><br \/>\n<span dir=\"auto\">pack Premium Business avec navigation,<\/span><br \/>\n<span dir=\"auto\">radio num\u00e9rique (DAB),<\/span><br \/>\n<span dir=\"auto\">syst\u00e8mes d\u2019assistance \u00e0 la conduite\u00a0: d\u00e9tecteur d\u2019angle mort avec alerte de circulation transversale arri\u00e8re,<\/span><br \/>\n<span dir=\"auto\">assistance au stationnement,<\/span><br \/>\n<span dir=\"auto\">reconnaissance des panneaux de signalisation,<\/span><br \/>\n<span dir=\"auto\">Front Assist. Freinage d&#8217;urgence en ville pour r\u00e9gulateur de vitesse adaptatif (ACC faible),<\/span><br \/>\n<span dir=\"auto\">phares \u00e0 d\u00e9charge gazeuse avec r\u00e9partition variable de la lumi\u00e8re,<\/span><br \/>\n<span dir=\"auto\">pare-brise confort climatique<\/span><br \/>\n<span dir=\"auto\">, r\u00e9glage automatique\/dynamique de la port\u00e9e des phares avec \u00e9clairage d&#8217;intersection (AFS 1),<\/span><br \/>\n<span dir=\"auto\">feux de route masqu\u00e9s,<\/span><br \/>\n<span dir=\"auto\">peinture m\u00e9tallis\u00e9e,<\/span><br \/>\n<span dir=\"auto\">\u00e9cran multifonctions haut de gamme (\u00e9cran couleur),<\/span><br \/>\n<span dir=\"auto\">module de navigation Discover Media (pour le syst\u00e8me audio),<\/span><br \/>\n<span dir=\"auto\">cam\u00e9ra de recul,<\/span><br \/>\n<span dir=\"auto\">airbags lat\u00e9raux arri\u00e8re,<\/span><br \/>\n<span dir=\"auto\">si\u00e8ges avant chauffants (r\u00e9glables s\u00e9par\u00e9ment),<\/span><br \/>\n<span dir=\"auto\">essuie-glaces intermittents avec capteur de luminosit\u00e9\/pluie,<\/span><br \/>\n<span dir=\"auto\">feux de jour avec \u00e9clairage d&#8217;intersection et fonction Coming Home,<\/span><br \/>\n<span dir=\"auto\">pare-brise chauffant,<\/span><b><span dir=\"auto\">\u00e9quipements suppl\u00e9mentaires\u00a0:<\/span><\/b><br \/>\n<span dir=\"auto\">ceinture de s\u00e9curit\u00e9 3 points \u00e0 la place centrale arri\u00e8re,<\/span><br \/>\n<span dir=\"auto\">compartiment de rangement dans le pavillon,<\/span><br \/>\n<span dir=\"auto\">poches de rangement sur les dossiers des si\u00e8ges avant,<\/span><br \/>\n<span dir=\"auto\">d\u00e9sactivation de l&#8217;airbag passager<\/span><br \/>\n<span dir=\"auto\">, airbags conducteur et passager, antipatinage (ASR),<\/span><br \/>\n<span dir=\"auto\">finition Comfortline,<\/span><br \/>\n<span dir=\"auto\">r\u00e9troviseur ext\u00e9rieur asph\u00e9rique (gauche<\/span><br \/>\n<span dir=\"auto\">), r\u00e9troviseurs ext\u00e9rieurs \u00e9lectriques et chauffants, r\u00e9troviseurs ext\u00e9rieurs \u00e9lectriques<\/span><br \/>\n<span dir=\"auto\">avec fonction m\u00e9moire,<\/span><br \/>\n<span dir=\"auto\">r\u00e9troviseurs ext\u00e9rieurs peints,<\/span><br \/>\n<span dir=\"auto\">r\u00e9troviseur ext\u00e9rieur \u00e0 abaissement automatique (droit),<\/span><br \/>\n<span dir=\"auto\">base de r\u00e9troviseur ext\u00e9rieur noire,<\/span><br \/>\n<span dir=\"auto\">affichage de la temp\u00e9rature ext\u00e9rieure,<\/span><br \/>\n<span dir=\"auto\">clignotant int\u00e9gr\u00e9 au r\u00e9troviseur ext\u00e9rieur,<\/span><br \/>\n<span dir=\"auto\">assistance au freinage d&#8217;urgence,<\/span><br \/>\n<span dir=\"auto\">t\u00e9moin d&#8217;usure des plaquettes de frein,<\/span><br \/>\n<span dir=\"auto\">pack chrome (1)<\/span><br \/>\n<span dir=\"auto\">Ciel de toit en tissu gris,<\/span><br \/>\n<span dir=\"auto\">avertisseur sonore bitonal,<\/span><br \/>\n<span dir=\"auto\">radars de stationnement avant et arri\u00e8re,<\/span><br \/>\n<span dir=\"auto\">blocage de diff\u00e9rentiel \u00e9lectronique (EDS),<\/span><br \/>\n<span dir=\"auto\">contr\u00f4le \u00e9lectronique de stabilit\u00e9 (ESC), blocage de diff\u00e9rentiel \u00e9lectronique (XDS),<\/span><br \/>\n<span dir=\"auto\">syst\u00e8me d&#8217;assistance \u00e0 la conduite\u00a0: freinage multicollision,<\/span><br \/>\n<span dir=\"auto\">syst\u00e8me d&#8217;assistance \u00e0 la conduite\u00a0: d\u00e9tection de somnolence,<\/span><br \/>\n<span dir=\"auto\">syst\u00e8me d&#8217;assistance \u00e0 la conduite\u00a0: Front Assist avec fonction de freinage d&#8217;urgence en ville,<\/span><br \/>\n<span dir=\"auto\">vitres \u00e9lectriques avant et arri\u00e8re,<\/span><br \/>\n<span dir=\"auto\">encadrement de vitres noir,<\/span><br \/>\n<span dir=\"auto\">cl\u00e9 t\u00e9l\u00e9commande pliable (2)<\/span><br \/>\n<span dir=\"auto\">Tapis de sol en tissu, cache-bagages\/store enrouleur,<\/span><br \/>\n<span dir=\"auto\">\u00e9clairage du coffre,<\/span><br \/>\n<span dir=\"auto\">plancher du coffre r\u00e9glable en hauteur,<\/span><br \/>\n<span dir=\"auto\">bo\u00eete \u00e0 gants r\u00e9frig\u00e9r\u00e9e,<\/span><br \/>\n<span dir=\"auto\">essuie-glace arri\u00e8re<\/span><br \/>\n<span dir=\"auto\">Essieu arri\u00e8re : Essieu \u00e0 bras composites,<\/span><br \/>\n<span dir=\"auto\">Int\u00e9rieur : Inserts d\u00e9coratifs en zirconium bross\u00e9,<\/span><br \/>\n<span dir=\"auto\">Filtre d&#8217;habitacle : Filtre \u00e0 poussi\u00e8re et pollen avec filtre \u00e0 charbon actif,<\/span><br \/>\n<span dir=\"auto\">Fixations Isofix pour si\u00e8ges enfant \u00e0 l&#8217;arri\u00e8re,<\/span><br \/>\n<span dir=\"auto\">Carrosserie : 4 portes,<\/span><br \/>\n<span dir=\"auto\">\u00c9clairage de plaque d&#8217;immatriculation \u00e0 LED,<\/span><br \/>\n<span dir=\"auto\">Verrouillage de s\u00e9curit\u00e9 enfant dans l&#8217;habitacle,<\/span><br \/>\n<span dir=\"auto\">Climatisation automatique Climatronic bizone,<\/span><br \/>\n<span dir=\"auto\">Airbag genoux c\u00f4t\u00e9 conducteur,<\/span><br \/>\n<span dir=\"auto\">Appuie-t\u00eate arri\u00e8re (3),<\/span><br \/>\n<span dir=\"auto\">Calandre noire avec entourage chrom\u00e9,<\/span><br \/>\n<span dir=\"auto\">Soutien lombaire \u00e0 l&#8217;avant,<\/span><br \/>\n<span dir=\"auto\">Volant en cuir multifonctions avec palettes de changement de vitesse, Colonne<\/span><br \/>\n<span dir=\"auto\">de direction r\u00e9glable m\u00e9caniquement en hauteur et en profondeur,<\/span><br \/>\n<span dir=\"auto\">Liseuses avant et arri\u00e8re,<\/span><br \/>\n<span dir=\"auto\">Assistant d&#8217;\u00e9clairage (Coming Home, Leaving Home),<\/span><br \/>\n<span dir=\"auto\">Accoudoir central arri\u00e8re, 1,4 L. Moteur TSI 16V de 92 kW,<\/span><br \/>\n<span dir=\"auto\">feu antibrouillard arri\u00e8re,<\/span><br \/>\n<span dir=\"auto\">pack non-fumeur,<\/span><br \/>\n<span dir=\"auto\">frein de stationnement \u00e9lectrique,<\/span><br \/>\n<span dir=\"auto\">p\u00e9dales design en acier inoxydable et aluminium,<\/span><br \/>\n<span dir=\"auto\">kit de r\u00e9paration de pneus,<\/span><br \/>\n<span dir=\"auto\">syst\u00e8me de surveillance de la pression des pneus,<\/span><br \/>\n<span dir=\"auto\">dossier de si\u00e8ge arri\u00e8re rabattable 60\/40,<\/span><br \/>\n<span dir=\"auto\">rabattement des dossiers de si\u00e8ge arri\u00e8re \u00e0 distance,<\/span><br \/>\n<span dir=\"auto\">faibles \u00e9missions selon la norme Euro 6,<\/span><br \/>\n<span dir=\"auto\">levier de vitesses en cuir, tiroir\/compartiment de rangement sous les si\u00e8ges avant,<\/span><br \/>\n<span dir=\"auto\">airbags lat\u00e9raux avant avec airbag rideaux,<\/span><br \/>\n<span dir=\"auto\">ceintures de s\u00e9curit\u00e9 avant avec pr\u00e9tensionneurs,<\/span><br \/>\n<span dir=\"auto\">sellerie tissu<\/span><br \/>\n<span dir=\"auto\">r\u00e9glable en hauteur,<\/span><br \/>\n<span dir=\"auto\">si\u00e8ges avant confort,<\/span><br \/>\n<span dir=\"auto\">pare-soleil avec miroirs \u00e9clair\u00e9s,<\/span><br \/>\n<span dir=\"auto\">syst\u00e8me Start\/Stop, prise 12 V dans le coffre,<\/span><br \/>\n<span dir=\"auto\">pare-chocs et<\/span><br \/>\n<span dir=\"auto\">poign\u00e9es de porte ext\u00e9rieures couleur carrosserie,<\/span><br \/>\n<span dir=\"auto\">trousse de premiers secours et triangle de signalisation,<\/span><br \/>\n<span dir=\"auto\">vitres arri\u00e8re teint\u00e9es (65 %),<\/span><br \/>\n<span dir=\"auto\">avertisseur de ceintures de s\u00e9curit\u00e9 avant et arri\u00e8re,<\/span><br \/>\n<span dir=\"auto\">vitres athermiques teint\u00e9es vertes<\/span><\/p>\n<\/div>\n<\/div>\n","protected":false},"excerpt":{"rendered":"<p class=\"p2\"><b>petites voitures<\/b><\/p>\n<p class=\"p2\">Premi\u00e8re immatriculation :<span class=\"Apple-converted-space\">\u00a0 <\/span>novembre 2016,<\/p>\n<p class=\"p2\">Kilom\u00e9trage : 37\u00a0000 km<\/p>\n<p class=\"p2\">Carburant :<span class=\"Apple-converted-space\">\u00a0 <\/span>essence,<span class=\"Apple-converted-space\">\u00a0<\/span><\/p>\n<p class=\"p2\">Puissance :<span class=\"Apple-converted-space\">\u00a0 <\/span>92 kW (125 ch)<\/p>\n<p class=\"p2\">Transmission : Bo\u00eete automatique<\/p>\n","protected":false},"featured_media":9085,"template":"","meta":{"_monsterinsights_skip_tracking":false,"_monsterinsights_sitenote_active":false,"_monsterinsights_sitenote_note":"","_monsterinsights_sitenote_category":0},"product_brand":[],"product_cat":[15],"product_tag":[],"class_list":{"0":"post-8802","1":"product","2":"type-product","3":"status-publish","4":"has-post-thumbnail","6":"product_cat-non-classe","8":"first","9":"instock","10":"featured","11":"shipping-taxable","12":"purchasable","13":"product-type-simple"},"aioseo_notices":[],"jetpack_sharing_enabled":true,"_links":{"self":[{"href":"https:\/\/autohaus-lynk.com\/index.php\/wp-json\/wp\/v2\/product\/8802","targetHints":{"allow":["GET"]}}],"collection":[{"href":"https:\/\/autohaus-lynk.com\/index.php\/wp-json\/wp\/v2\/product"}],"about":[{"href":"https:\/\/autohaus-lynk.com\/index.php\/wp-json\/wp\/v2\/types\/product"}],"wp:featuredmedia":[{"embeddable":true,"href":"https:\/\/autohaus-lynk.com\/index.php\/wp-json\/wp\/v2\/media\/9085"}],"wp:attachment":[{"href":"https:\/\/autohaus-lynk.com\/index.php\/wp-json\/wp\/v2\/media?parent=8802"}],"wp:term":[{"taxonomy":"product_brand","embeddable":true,"href":"https:\/\/autohaus-lynk.com\/index.php\/wp-json\/wp\/v2\/product_brand?post=8802"},{"taxonomy":"product_cat","embeddable":true,"href":"https:\/\/autohaus-lynk.com\/index.php\/wp-json\/wp\/v2\/product_cat?post=8802"},{"taxonomy":"product_tag","embeddable":true,"href":"https:\/\/autohaus-lynk.com\/index.php\/wp-json\/wp\/v2\/product_tag?post=8802"}],"curies":[{"name":"wp","href":"https:\/\/api.w.org\/{rel}","templated":true}]}}