{"id":900,"date":"2025-10-29T22:06:03","date_gmt":"2025-10-29T22:06:03","guid":{"rendered":"https:\/\/autohaus-lynk.com\/?post_type=product&#038;p=900"},"modified":"2025-11-15T10:59:44","modified_gmt":"2025-11-15T10:59:44","slug":"bmw-x1-18-avantage-ahk-temp-pdc-navi-led-el","status":"publish","type":"product","link":"https:\/\/autohaus-lynk.com\/index.php\/produit\/bmw-x1-18-avantage-ahk-temp-pdc-navi-led-el\/","title":{"rendered":"BMW X1 18 Avantage AHK TEMP PDC NAVI LED EL"},"content":{"rendered":"<h4><span dir=\"auto\">\u00e9quipement<\/span><\/h4>\n<div class=\"span6\">\n<ul>\n<li><span dir=\"auto\">ABS<\/span><\/li>\n<li><span dir=\"auto\">Syst\u00e8me d&#8217;avertissement de distance<\/span><\/li>\n<li><span dir=\"auto\">Attelage de remorque amovible<\/span><\/li>\n<li><span dir=\"auto\">accoudoir<\/span><\/li>\n<li><span dir=\"auto\">Bluetooth<\/span><\/li>\n<li><span dir=\"auto\">Ordinateur de bord<\/span><\/li>\n<li><span dir=\"auto\">barres de toit<\/span><\/li>\n<li><span dir=\"auto\">l\u00e8ve-vitre \u00e9lectrique<\/span><\/li>\n<li><span dir=\"auto\">hayon \u00e9lectrique<\/span><\/li>\n<li><span dir=\"auto\">R\u00e9glage \u00e9lectrique du si\u00e8ge<\/span><\/li>\n<li><span dir=\"auto\">immobilisateur \u00e9lectrique<\/span><\/li>\n<\/ul>\n<\/div>\n<div class=\"span6\">\n<ul>\n<li><span dir=\"auto\">ESP<\/span><\/li>\n<li><span dir=\"auto\">Syst\u00e8me mains libres<\/span><\/li>\n<li><span dir=\"auto\">Traction avant<\/span><\/li>\n<li><span dir=\"auto\">garantie<\/span><\/li>\n<li><span dir=\"auto\">R\u00e9troviseur int\u00e9rieur \u00e0 att\u00e9nuation automatique<\/span><\/li>\n<li><span dir=\"auto\">Isofix<\/span><\/li>\n<li><span dir=\"auto\">Si\u00e8ge passager Isofix<\/span><\/li>\n<li><span dir=\"auto\">volant en cuir<\/span><\/li>\n<li><span dir=\"auto\">jantes en alliage<\/span><\/li>\n<li><span dir=\"auto\">Soutien lombaire<\/span><\/li>\n<li><span dir=\"auto\">Volant multifonction<\/span><\/li>\n<\/ul>\n<\/div>\n<div class=\"span6\">\n<ul>\n<li><span dir=\"auto\">Syst\u00e8me de navigation<\/span><\/li>\n<li><span dir=\"auto\">V\u00e9hicule non-fumeur<\/span><\/li>\n<li><span dir=\"auto\">assistance au freinage d&#8217;urgence<\/span><\/li>\n<li><span dir=\"auto\">Syst\u00e8me d&#8217;appel d&#8217;urgence<\/span><\/li>\n<li><span dir=\"auto\">Filtre \u00e0 particules<\/span><\/li>\n<li><span dir=\"auto\">Radio num\u00e9rique DAB<\/span><\/li>\n<li><span dir=\"auto\">capteur de pluie<\/span><\/li>\n<li><span dir=\"auto\">syst\u00e8me de surveillance de la pression des pneus<\/span><\/li>\n<li><span dir=\"auto\">Historique d&#8217;entretien complet<\/span><\/li>\n<li><span dir=\"auto\">direction assist\u00e9e<\/span><\/li>\n<li><span dir=\"auto\">Si\u00e8ges chauffants<\/span><\/li>\n<\/ul>\n<\/div>\n<div class=\"span6\">\n<ul>\n<li><span dir=\"auto\">syst\u00e8me audio<\/span><\/li>\n<li><span dir=\"auto\">commande vocale<\/span><\/li>\n<li><span dir=\"auto\">Syst\u00e8me de d\u00e9marrage\/arr\u00eat<\/span><\/li>\n<li><span dir=\"auto\">r\u00e9gulateur de vitesse<\/span><\/li>\n<li><span dir=\"auto\">\u00c9cran tactile<\/span><\/li>\n<li><span dir=\"auto\">Contr\u00f4le de traction<\/span><\/li>\n<li><span dir=\"auto\">Tuner\/Radio<\/span><\/li>\n<li><span dir=\"auto\">USB<\/span><\/li>\n<li><span dir=\"auto\">forfait hiver<\/span><\/li>\n<li><span dir=\"auto\">Verrouillage centralis\u00e9<\/span><\/li>\n<\/ul>\n<p><b><span dir=\"auto\">V\u00e9hicule non-fumeur<\/span><\/b><\/p>\n<hr \/>\n<p><b><span dir=\"auto\">Bo\u00eete de vitesses automatique,<\/span><br \/>\n<\/b><b><span dir=\"auto\">service \u00e0 distance (contr\u00f4le du v\u00e9hicule \u00e0 distance),<\/span><\/b><br \/>\n<b><span dir=\"auto\">syst\u00e8me de navigation avec \u00e9cran couleur et tactile,<\/span><\/b><br \/>\n<b><span dir=\"auto\">informations trafic en temps r\u00e9el (Traffic Scout),<\/span><\/b><br \/>\n<b><span dir=\"auto\">r\u00e9gulateur de vitesse<\/span><\/b><br \/>\n<b><span dir=\"auto\">, gicleurs de lave-glace chauffants,<\/span><\/b><br \/>\n<b><span dir=\"auto\">capteur de lumi\u00e8re et de pluie,<\/span><\/b><br \/>\n<b><span dir=\"auto\">attelage de remorque amovible,<\/span><\/b><br \/>\n<b><span dir=\"auto\">r\u00e9troviseur int\u00e9rieur \u00e0 att\u00e9nuation automatique,<\/span><\/b><br \/>\n<b><span dir=\"auto\">fonction de maintien automatique (extension du frein de stationnement),<\/span><\/b><br \/>\n<b><span dir=\"auto\">r\u00e9troviseurs ext\u00e9rieurs \u00e0 att\u00e9nuation automatique et \u00e0 r\u00e9glage \u00e9lectrique. R\u00e9troviseurs ext\u00e9rieurs\u00a0r\u00e9glables et chauffants<\/span><br \/>\n<span dir=\"auto\">, assistance au freinage d&#8217;urgence,<\/span><\/b><br \/>\n<b><span dir=\"auto\">aide au stationnement arri\u00e8re<\/span><\/b><br \/>\n<b><span dir=\"auto\">, syst\u00e8me de surveillance de la pression des pneus,<\/span><\/b><br \/>\n<b><span dir=\"auto\">volant multifonctions en cuir ,<\/span><\/b><br \/>\n<b><span dir=\"auto\">syst\u00e8me mains libres Bluetooth,<\/span><\/b><br \/>\n<b><span dir=\"auto\">BMW ConnectedDrive,<\/span><\/b><br \/>\n<b><span dir=\"auto\">appel d&#8217;urgence intelligent<\/span><\/b><br \/>\n<b><span dir=\"auto\">, TeleServices<\/span><\/b><br \/>\n<b><span dir=\"auto\">, interface \u00e9lectronique externe (Media IN), ports AUX-IN et USB,<\/span><\/b><br \/>\n<b><span dir=\"auto\">radio\/CD avec lecture MP3,<\/span><\/b><br \/>\n<b><span dir=\"auto\">radio num\u00e9rique DAB+,<\/span><\/b><br \/>\n<b><span dir=\"auto\">ordinateur de bord avec<\/span><\/b><br \/>\n<b><span dir=\"auto\">\u00e9cran multifonctions, syst\u00e8me d&#8217;appel d&#8217;urgence,<\/span><\/b><br \/>\n<b><span dir=\"auto\">climatisation automatique Climatronic ,<\/span><\/b><br \/>\n<b><span dir=\"auto\">soutien lombaire<\/span><\/b><br \/>\n<b><span dir=\"auto\">, si\u00e8ges chauffants<\/span><\/b><br \/>\n<b><span dir=\"auto\">, banquette arri\u00e8re rabattable et fractionnable asym\u00e9triquement,<\/span><\/b><br \/>\n<b><span dir=\"auto\">fixations ISOFIX pour si\u00e8ges enfant,<\/span><\/b><br \/>\n<b><span dir=\"auto\">accoudoir central,<\/span><\/b><br \/>\n<b><span dir=\"auto\">vitres lat\u00e9rales et arri\u00e8re athermiques, hayon \u00e9lectrique\u00a0<\/span><\/b><span dir=\"auto\"><b>, jantes alliage 17 pouces<\/b><\/span><br \/>\n<b><span dir=\"auto\">, barres\u00a0<\/span><\/b><span dir=\"auto\"><b>de toit\u00a0<\/b><b>, vitres \u00e9lectriques,\u00a0<\/b><b>verrouillage centralis\u00e9 \u00e0 distance,\u00a0<\/b><b>Pack Avantage,\u00a0<\/b><b>Pack Business,\u00a0<\/b><b>Pack Rangement,\u00a0<\/b><b>Active Guard,\u00a0<\/b><b>syst\u00e8me Start-Stop<\/b><\/span><\/p>\n<\/div>\n","protected":false},"excerpt":{"rendered":"<p class=\"p1\"><b>SUV\/V\u00e9hicule tout-terrain\/Camionnette<\/b><\/p>\n<p class=\"p1\">Premi\u00e8re immatriculation : janvier 2022,<\/p>\n<p class=\"p1\">Kilom\u00e9trage : 94\u00a0990 km<\/p>\n<p class=\"p1\">Carburant : diesel,<\/p>\n<p class=\"p1\">Puissance : 110 kW (150 ch)<\/p>\n<p class=\"p1\">Transmission : Bo\u00eete manuelle<\/p>\n","protected":false},"featured_media":902,"template":"","meta":{"_monsterinsights_skip_tracking":false,"_monsterinsights_sitenote_active":false,"_monsterinsights_sitenote_note":"","_monsterinsights_sitenote_category":0},"product_brand":[],"product_cat":[15],"product_tag":[],"class_list":{"0":"post-900","1":"product","2":"type-product","3":"status-publish","4":"has-post-thumbnail","6":"product_cat-non-classe","8":"first","9":"instock","10":"featured","11":"shipping-taxable","12":"purchasable","13":"product-type-simple"},"aioseo_notices":[],"jetpack_sharing_enabled":true,"_links":{"self":[{"href":"https:\/\/autohaus-lynk.com\/index.php\/wp-json\/wp\/v2\/product\/900","targetHints":{"allow":["GET"]}}],"collection":[{"href":"https:\/\/autohaus-lynk.com\/index.php\/wp-json\/wp\/v2\/product"}],"about":[{"href":"https:\/\/autohaus-lynk.com\/index.php\/wp-json\/wp\/v2\/types\/product"}],"wp:featuredmedia":[{"embeddable":true,"href":"https:\/\/autohaus-lynk.com\/index.php\/wp-json\/wp\/v2\/media\/902"}],"wp:attachment":[{"href":"https:\/\/autohaus-lynk.com\/index.php\/wp-json\/wp\/v2\/media?parent=900"}],"wp:term":[{"taxonomy":"product_brand","embeddable":true,"href":"https:\/\/autohaus-lynk.com\/index.php\/wp-json\/wp\/v2\/product_brand?post=900"},{"taxonomy":"product_cat","embeddable":true,"href":"https:\/\/autohaus-lynk.com\/index.php\/wp-json\/wp\/v2\/product_cat?post=900"},{"taxonomy":"product_tag","embeddable":true,"href":"https:\/\/autohaus-lynk.com\/index.php\/wp-json\/wp\/v2\/product_tag?post=900"}],"curies":[{"name":"wp","href":"https:\/\/api.w.org\/{rel}","templated":true}]}}