{"id":9784,"date":"2025-11-11T18:29:15","date_gmt":"2025-11-11T18:29:15","guid":{"rendered":"https:\/\/autohaus-lynk.com\/?post_type=product&#038;p=9784"},"modified":"2025-11-11T20:36:35","modified_gmt":"2025-11-11T20:36:35","slug":"audi-q5-3-0-tdi-quattro-s-line-sport","status":"publish","type":"product","link":"https:\/\/autohaus-lynk.com\/index.php\/produit\/audi-q5-3-0-tdi-quattro-s-line-sport\/","title":{"rendered":"Audi Q5 3.0 TDI quattro S line Sport"},"content":{"rendered":"<div class=\"vehicleFeatures row-fluid\">\n<h4><span dir=\"auto\">\u00e9quipement<\/span><\/h4>\n<div class=\"span6\">\n<ul>\n<li><span dir=\"auto\">vitres teint\u00e9es<\/span><\/li>\n<li><span dir=\"auto\">ABS<\/span><\/li>\n<li><span dir=\"auto\">Transmission int\u00e9grale<\/span><\/li>\n<li><span dir=\"auto\">Barre de remorquage pivotante<\/span><\/li>\n<li><span dir=\"auto\">accoudoir<\/span><\/li>\n<li><span dir=\"auto\">Aide au d\u00e9marrage en c\u00f4te<\/span><\/li>\n<li><span dir=\"auto\">Phares bi-x\u00e9non<\/span><\/li>\n<li><span dir=\"auto\">Bluetooth<\/span><\/li>\n<li><span dir=\"auto\">Ordinateur de bord<\/span><\/li>\n<li><span dir=\"auto\">lecteur CD<\/span><\/li>\n<li><span dir=\"auto\">barres de toit<\/span><\/li>\n<li><span dir=\"auto\">l\u00e8ve-vitre \u00e9lectrique<\/span><\/li>\n<li><span dir=\"auto\">R\u00e9troviseurs lat\u00e9raux \u00e9lectriques<\/span><\/li>\n<\/ul>\n<\/div>\n<div class=\"span6\">\n<ul>\n<li><span dir=\"auto\">immobilisateur \u00e9lectrique<\/span><\/li>\n<li><span dir=\"auto\">ESP<\/span><\/li>\n<li><span dir=\"auto\">Syst\u00e8me mains libres<\/span><\/li>\n<li><span dir=\"auto\">Cloison du compartiment \u00e0 bagages<\/span><\/li>\n<li><span dir=\"auto\">R\u00e9troviseur int\u00e9rieur \u00e0 att\u00e9nuation automatique<\/span><\/li>\n<li><span dir=\"auto\">Isofix<\/span><\/li>\n<li><span dir=\"auto\">Feux de virage<\/span><\/li>\n<li><span dir=\"auto\">volant en cuir<\/span><\/li>\n<li><span dir=\"auto\">jantes en alliage<\/span><\/li>\n<li><span dir=\"auto\">capteur de lumi\u00e8re<\/span><\/li>\n<li><span dir=\"auto\">Soutien lombaire<\/span><\/li>\n<li><span dir=\"auto\">Volant multifonction<\/span><\/li>\n<li><span dir=\"auto\">Syst\u00e8me de navigation<\/span><\/li>\n<\/ul>\n<\/div>\n<div class=\"span6\">\n<ul>\n<li><span dir=\"auto\">phares antibrouillard<\/span><\/li>\n<li><span dir=\"auto\">V\u00e9hicule non-fumeur<\/span><\/li>\n<li><span dir=\"auto\">roue de secours<\/span><\/li>\n<li><span dir=\"auto\">Filtre \u00e0 particules<\/span><\/li>\n<li><span dir=\"auto\">Radio num\u00e9rique DAB<\/span><\/li>\n<li><span dir=\"auto\">capteur de pluie<\/span><\/li>\n<li><span dir=\"auto\">syst\u00e8me de surveillance de la pression des pneus<\/span><\/li>\n<li><span dir=\"auto\">palettes de changement de vitesse<\/span><\/li>\n<li><span dir=\"auto\">Historique d&#8217;entretien complet<\/span><\/li>\n<li><span dir=\"auto\">syst\u00e8me de nettoyage des phares<\/span><\/li>\n<li><span dir=\"auto\">direction assist\u00e9e<\/span><\/li>\n<li><span dir=\"auto\">Si\u00e8ges chauffants<\/span><\/li>\n<li><span dir=\"auto\">syst\u00e8me audio<\/span><\/li>\n<\/ul>\n<\/div>\n<div class=\"span6\">\n<ul>\n<li><span dir=\"auto\">Suspension sport<\/span><\/li>\n<li><span dir=\"auto\">forfait sportif<\/span><\/li>\n<li><span dir=\"auto\">Si\u00e8ges sport<\/span><\/li>\n<li><span dir=\"auto\">commande vocale<\/span><\/li>\n<li><span dir=\"auto\">Syst\u00e8me de d\u00e9marrage\/arr\u00eat<\/span><\/li>\n<li><span dir=\"auto\">Feux de jour<\/span><\/li>\n<li><span dir=\"auto\">r\u00e9gulateur de vitesse<\/span><\/li>\n<li><span dir=\"auto\">Tuner\/Radio<\/span><\/li>\n<li><span dir=\"auto\">USB<\/span><\/li>\n<li><span dir=\"auto\">pneus d&#8217;hiver<\/span><\/li>\n<li><span dir=\"auto\">Verrouillage centralis\u00e9<\/span><\/li>\n<\/ul>\n<\/div>\n<\/div>\n<div class=\"clearfix\"><\/div>\n<div class=\"vehicleDescription row-fluid\">\n<h4><span dir=\"auto\">Description du v\u00e9hicule<\/span><\/h4>\n<div class=\"span22\"><b><span dir=\"auto\">\u00c9quipements optionnels\u00a0: de pr\u00e9f\u00e9rence destin\u00e9s aux concessionnaires ou \u00e0 l\u2019exportation.<\/span><\/b><br \/>\n<span dir=\"auto\">Pack d\u2019\u00e9quipements\u00a0: S line Sport \/ Plus, barres de toit, aide au stationnement avant et arri\u00e8re (APS Plus), pack ext\u00e9rieur S line, syst\u00e8me d\u2019assistance \u00e0 la conduite\u00a0: capteur de luminosit\u00e9 et de pluie et assistant feux de route, roue de secours pliable 6,5&#215;18 avec compresseur, r\u00e9troviseur int\u00e9rieur \u00e0 att\u00e9nuation automatique, climatisation automatique tri-zone, volant sport multifonctions en cuir (3 branches, m\u00e9plat), jantes alliage 7&#215;17 (7 branches), jantes alliage 8,5&#215;20 (5 branches segment\u00e9es, aspect titane), interface multim\u00e9dia MMI Navigation, radio num\u00e9rique (DAB), si\u00e8ges arri\u00e8re coulissants (2e rang\u00e9e) (plus), sellerie Alcantara\/cuir avec logo emboss\u00e9 sur les dossiers des si\u00e8ges avant, si\u00e8ges avant chauffants, peinture sp\u00e9ciale Noir Brillant, syst\u00e8me audio DSP\/Audi, interface universelle Bluetooth, vitres arri\u00e8re surteint\u00e9es, phares x\u00e9non Plus avec \u00e9clairage adaptatif (feux de virage int\u00e9gr\u00e9s).<\/span><b><span dir=\"auto\">\u00c9quipements suppl\u00e9mentaires\u00a0:<\/span><\/b><br \/>\n<span dir=\"auto\">Airbags conducteur et passager, antipatinage (ASR), r\u00e9troviseurs ext\u00e9rieurs asph\u00e9riques gauche et droit, r\u00e9troviseurs ext\u00e9rieurs \u00e9lectriques et chauffants, couleur carrosserie, syst\u00e8me de freinage avec r\u00e9cup\u00e9ration d&#8217;\u00e9nergie, diff\u00e9rentiel autobloquant \u00e9lectronique (EDS), assistance \u00e0 la descente, syst\u00e8me d&#8217;information du conducteur (FIS), vitres \u00e9lectriques avant et arri\u00e8re, pack brillant, fixations Isofix pour si\u00e8ges enfant, carrosserie 4 portes, airbags rideaux (Sideguard), version restyl\u00e9e, moteur V6 3.0L 190 kW 24V TDI, frein de stationnement \u00e9lectrom\u00e9canique, empattement de 2\u00a0807 mm, syst\u00e8me de surveillance de la pression des pneus, faibles \u00e9missions selon la norme Euro 6, syst\u00e8me SCR (technologie AdBlue), airbags lat\u00e9raux avant, syst\u00e8me Start\/Stop, vitres athermiques surteint\u00e9es vertes.<\/span><\/p>\n<\/div>\n<\/div>\n","protected":false},"excerpt":{"rendered":"<p class=\"p2\"><b>SUV\/V\u00e9hicule tout-terrain\/Camionnette<\/b><\/p>\n<p class=\"p2\">Premi\u00e8re immatriculation : octobre 2014,<\/p>\n<p class=\"p2\">Kilom\u00e9trage : 234\u00a0000 km<\/p>\n<p class=\"p2\">Carburant :<span class=\"Apple-converted-space\">\u00a0 <\/span>diesel<\/p>\n<p class=\"p2\">Puissance :<span class=\"Apple-converted-space\">\u00a0 <\/span>190 kW (258 ch),<\/p>\n<p class=\"p2\">Transmission : Bo\u00eete automatique<\/p>\n","protected":false},"featured_media":9787,"template":"","meta":{"_monsterinsights_skip_tracking":false,"_monsterinsights_sitenote_active":false,"_monsterinsights_sitenote_note":"","_monsterinsights_sitenote_category":0},"product_brand":[],"product_cat":[15],"product_tag":[],"class_list":{"0":"post-9784","1":"product","2":"type-product","3":"status-publish","4":"has-post-thumbnail","6":"product_cat-non-classe","8":"first","9":"instock","10":"shipping-taxable","11":"purchasable","12":"product-type-simple"},"aioseo_notices":[],"jetpack_sharing_enabled":true,"_links":{"self":[{"href":"https:\/\/autohaus-lynk.com\/index.php\/wp-json\/wp\/v2\/product\/9784","targetHints":{"allow":["GET"]}}],"collection":[{"href":"https:\/\/autohaus-lynk.com\/index.php\/wp-json\/wp\/v2\/product"}],"about":[{"href":"https:\/\/autohaus-lynk.com\/index.php\/wp-json\/wp\/v2\/types\/product"}],"wp:featuredmedia":[{"embeddable":true,"href":"https:\/\/autohaus-lynk.com\/index.php\/wp-json\/wp\/v2\/media\/9787"}],"wp:attachment":[{"href":"https:\/\/autohaus-lynk.com\/index.php\/wp-json\/wp\/v2\/media?parent=9784"}],"wp:term":[{"taxonomy":"product_brand","embeddable":true,"href":"https:\/\/autohaus-lynk.com\/index.php\/wp-json\/wp\/v2\/product_brand?post=9784"},{"taxonomy":"product_cat","embeddable":true,"href":"https:\/\/autohaus-lynk.com\/index.php\/wp-json\/wp\/v2\/product_cat?post=9784"},{"taxonomy":"product_tag","embeddable":true,"href":"https:\/\/autohaus-lynk.com\/index.php\/wp-json\/wp\/v2\/product_tag?post=9784"}],"curies":[{"name":"wp","href":"https:\/\/api.w.org\/{rel}","templated":true}]}}